{"id":572,"date":"2024-12-29T16:13:02","date_gmt":"2024-12-29T21:13:02","guid":{"rendered":"https:\/\/www.ecomaximportmedical.com\/?post_type=product&#038;p=572"},"modified":"2024-12-29T17:57:26","modified_gmt":"2024-12-29T22:57:26","slug":"gueridon-2-etages-100-abs","status":"publish","type":"product","link":"https:\/\/www.ecomaximportmedical.com\/fr\/produit\/gueridon-2-etages-100-abs\/","title":{"rendered":"Gu\u00e9ridon 2 \u00e9tages 100% ABS"},"content":{"rendered":"<div class=\"minimog-tabs__content\">\n<div id=\"tab-content-description\" class=\"tab-content tab-content-description active\" tabindex=\"0\" role=\"tabpanel\" data-tab=\"1\" aria-labelledby=\"tab-title-description\" aria-expanded=\"true\">\n<div class=\"tab-content-wrapper\">\n<div class=\"minimog-tabs__content\">\n<div id=\"tab-content-description\" class=\"tab-content tab-content-description active\" tabindex=\"0\" role=\"tabpanel\" data-tab=\"1\" aria-labelledby=\"tab-title-description\" aria-expanded=\"true\">\n<div class=\"tab-content-wrapper\">\n<p><strong>Gu\u00e9ridon 2 \u00e9tages 100% ABS<\/strong><\/p>\n<p>Caract\u00e9ristiques techniques :<br \/>\nGu\u00e9ridon 100% ABS \u00e0 deux \u00e9tages avec barri\u00e8re.<br \/>\nEtage sup\u00e9rieur avec poign\u00e9e de pouss\u00e9e.<br \/>\n04 Roues robuste de luxe, 02 avec freins.<br \/>\nDimensions : 64.4 x 44.5x 90 cm.<\/p>\n<\/div>\n<\/div>\n<\/div>\n<\/div>\n<\/div>\n<\/div>","protected":false},"excerpt":{"rendered":"<p>Gu\u00e9ridon 2 \u00e9tages 100% ABS Caract\u00e9ristiques techniques : Gu\u00e9ridon 100% ABS \u00e0 deux \u00e9tages avec barri\u00e8re. Etage sup\u00e9rieur avec poign\u00e9e de pouss\u00e9e. 04 Roues robuste de<span class=\"excerpt-hellip\"> [\u2026]<\/span><\/p>","protected":false},"featured_media":573,"comment_status":"open","ping_status":"closed","template":"","meta":[],"product_brand":[],"product_cat":[31,24],"product_tag":[],"class_list":{"0":"post-572","1":"product","2":"type-product","3":"status-publish","4":"has-post-thumbnail","6":"product_cat-gueridons","7":"product_cat-mobiliers-medical","9":"first","10":"instock","11":"shipping-taxable","12":"product-type-simple"},"_links":{"self":[{"href":"https:\/\/www.ecomaximportmedical.com\/fr\/wp-json\/wp\/v2\/product\/572","targetHints":{"allow":["GET"]}}],"collection":[{"href":"https:\/\/www.ecomaximportmedical.com\/fr\/wp-json\/wp\/v2\/product"}],"about":[{"href":"https:\/\/www.ecomaximportmedical.com\/fr\/wp-json\/wp\/v2\/types\/product"}],"replies":[{"embeddable":true,"href":"https:\/\/www.ecomaximportmedical.com\/fr\/wp-json\/wp\/v2\/comments?post=572"}],"version-history":[{"count":1,"href":"https:\/\/www.ecomaximportmedical.com\/fr\/wp-json\/wp\/v2\/product\/572\/revisions"}],"predecessor-version":[{"id":574,"href":"https:\/\/www.ecomaximportmedical.com\/fr\/wp-json\/wp\/v2\/product\/572\/revisions\/574"}],"wp:featuredmedia":[{"embeddable":true,"href":"https:\/\/www.ecomaximportmedical.com\/fr\/wp-json\/wp\/v2\/media\/573"}],"wp:attachment":[{"href":"https:\/\/www.ecomaximportmedical.com\/fr\/wp-json\/wp\/v2\/media?parent=572"}],"wp:term":[{"taxonomy":"product_brand","embeddable":true,"href":"https:\/\/www.ecomaximportmedical.com\/fr\/wp-json\/wp\/v2\/product_brand?post=572"},{"taxonomy":"product_cat","embeddable":true,"href":"https:\/\/www.ecomaximportmedical.com\/fr\/wp-json\/wp\/v2\/product_cat?post=572"},{"taxonomy":"product_tag","embeddable":true,"href":"https:\/\/www.ecomaximportmedical.com\/fr\/wp-json\/wp\/v2\/product_tag?post=572"}],"curies":[{"name":"wp","href":"https:\/\/api.w.org\/{rel}","templated":true}]}}