{"id":566,"date":"2024-12-29T16:08:32","date_gmt":"2024-12-29T21:08:32","guid":{"rendered":"https:\/\/www.ecomaximportmedical.com\/?post_type=product&#038;p=566"},"modified":"2024-12-29T17:59:04","modified_gmt":"2024-12-29T22:59:04","slug":"chariot-durgence","status":"publish","type":"product","link":"https:\/\/www.ecomaximportmedical.com\/fr\/produit\/chariot-durgence\/","title":{"rendered":"Chariot d\u2019urgence"},"content":{"rendered":"<div class=\"minimog-tabs__content\">\n<div id=\"tab-content-description\" class=\"tab-content tab-content-description active\" tabindex=\"0\" role=\"tabpanel\" data-tab=\"1\" aria-labelledby=\"tab-title-description\" aria-expanded=\"true\">\n<div class=\"tab-content-wrapper\">\n<h3><strong>Chariot d\u2019urgence<\/strong><\/h3>\n<p><strong>L\u2019\u00e9tage sup\u00e9rieur a des bords hauts.<\/strong><\/p>\n<p><strong>Tablette lat\u00e9ral coulissante et \u00e9tag\u00e8re de d\u00e9fibrillateur.<\/strong><\/p>\n<p><strong>05 tiroirs avec des s\u00e9parateurs \u00e0 l\u2019int\u00e9rieur, serrure centralis\u00e9e et cartes<\/strong><\/p>\n<p><strong>D\u2019\u00e9tiquettes.<\/strong><\/p>\n<p><strong>Dimensions: 750 x 480 x 930 mm<\/strong><\/p>\n<p><strong>Potence en INOX et en ABS.<\/strong><\/p>\n<p><strong>Support de contenant d\u2019\u00e9limination des aiguilles.<\/strong><\/p>\n<p><strong>Boite de rangement.<\/strong><\/p>\n<p><strong>02 poubelles lat\u00e9rales <\/strong><\/p>\n<p><strong>4 Roues en ABS luxueuses et silencieuses (deux avec freins) antistatiques,<\/strong><\/p>\n<p><strong>\u00a0Anti-enchev\u00eatrement de cheveux, mouvement l\u00e9ger et flexible.<\/strong><\/p>\n<\/div>\n<\/div>\n<\/div>","protected":false},"excerpt":{"rendered":"<p>Chariot d\u2019urgence L\u2019\u00e9tage sup\u00e9rieur a des bords hauts. Tablette lat\u00e9ral coulissante et \u00e9tag\u00e8re de d\u00e9fibrillateur. 05 tiroirs avec des s\u00e9parateurs \u00e0 l\u2019int\u00e9rieur, serrure centralis\u00e9e et cartes<span class=\"excerpt-hellip\"> [\u2026]<\/span><\/p>","protected":false},"featured_media":567,"comment_status":"open","ping_status":"closed","template":"","meta":[],"product_brand":[],"product_cat":[30,24],"product_tag":[],"class_list":{"0":"post-566","1":"product","2":"type-product","3":"status-publish","4":"has-post-thumbnail","6":"product_cat-chariots-medicaux","7":"product_cat-mobiliers-medical","9":"first","10":"instock","11":"shipping-taxable","12":"product-type-simple"},"_links":{"self":[{"href":"https:\/\/www.ecomaximportmedical.com\/fr\/wp-json\/wp\/v2\/product\/566","targetHints":{"allow":["GET"]}}],"collection":[{"href":"https:\/\/www.ecomaximportmedical.com\/fr\/wp-json\/wp\/v2\/product"}],"about":[{"href":"https:\/\/www.ecomaximportmedical.com\/fr\/wp-json\/wp\/v2\/types\/product"}],"replies":[{"embeddable":true,"href":"https:\/\/www.ecomaximportmedical.com\/fr\/wp-json\/wp\/v2\/comments?post=566"}],"version-history":[{"count":1,"href":"https:\/\/www.ecomaximportmedical.com\/fr\/wp-json\/wp\/v2\/product\/566\/revisions"}],"predecessor-version":[{"id":568,"href":"https:\/\/www.ecomaximportmedical.com\/fr\/wp-json\/wp\/v2\/product\/566\/revisions\/568"}],"wp:featuredmedia":[{"embeddable":true,"href":"https:\/\/www.ecomaximportmedical.com\/fr\/wp-json\/wp\/v2\/media\/567"}],"wp:attachment":[{"href":"https:\/\/www.ecomaximportmedical.com\/fr\/wp-json\/wp\/v2\/media?parent=566"}],"wp:term":[{"taxonomy":"product_brand","embeddable":true,"href":"https:\/\/www.ecomaximportmedical.com\/fr\/wp-json\/wp\/v2\/product_brand?post=566"},{"taxonomy":"product_cat","embeddable":true,"href":"https:\/\/www.ecomaximportmedical.com\/fr\/wp-json\/wp\/v2\/product_cat?post=566"},{"taxonomy":"product_tag","embeddable":true,"href":"https:\/\/www.ecomaximportmedical.com\/fr\/wp-json\/wp\/v2\/product_tag?post=566"}],"curies":[{"name":"wp","href":"https:\/\/api.w.org\/{rel}","templated":true}]}}