{"id":560,"date":"2024-12-29T15:58:19","date_gmt":"2024-12-29T20:58:19","guid":{"rendered":"https:\/\/www.ecomaximportmedical.com\/?post_type=product&#038;p=560"},"modified":"2024-12-29T17:58:55","modified_gmt":"2024-12-29T22:58:55","slug":"chariot-de-transport-malade","status":"publish","type":"product","link":"https:\/\/www.ecomaximportmedical.com\/fr\/produit\/chariot-de-transport-malade\/","title":{"rendered":"Chariot de Transport Malade"},"content":{"rendered":"<div class=\"minimog-tabs__content\">\n<div id=\"tab-content-description\" class=\"tab-content tab-content-description active\" tabindex=\"0\" role=\"tabpanel\" data-tab=\"1\" aria-labelledby=\"tab-title-description\" aria-expanded=\"true\">\n<div class=\"tab-content-wrapper\">\n<p><strong>CHARIOT TRANSFERT MALADE:<\/strong><\/p>\n<ul>\n<li>C\u2019est un type de civi\u00e8re \u00e0 transfert manuel<\/li>\n<li>Structure en acier peint \u00e9poxy<\/li>\n<li>Fonctionnement manuel \u00e0 manivelle permettant d\u2019ajuster la hauteur entre 530-820 mm<\/li>\n<li>Dossier r\u00e9glable entre 0\u00b0-80\u00b0<\/li>\n<li>Barri\u00e8res lat\u00e9rales rabattables et plateforme patient en ABS<\/li>\n<li>Quatre roulettes pivotantes de 125 mm et une cinqui\u00e8me roulette de direction sous le<br \/>\nch\u00e2ssis, qui contribue \u00e0 am\u00e9liorer la maniabilit\u00e9<\/li>\n<li>Syst\u00e8me de freinage \u00e0 commande centrale stable et fiable<\/li>\n<li>Support de potence<\/li>\n<li>Capacit\u00e9 de chargement : 300 kg<\/li>\n<li>Dimensions : 1930x640x530~820 mm<\/li>\n<\/ul>\n<\/div>\n<\/div>\n<\/div>","protected":false},"excerpt":{"rendered":"<p>CHARIOT TRANSFERT MALADE: C\u2019est un type de civi\u00e8re \u00e0 transfert manuel Structure en acier peint \u00e9poxy Fonctionnement manuel \u00e0 manivelle permettant d\u2019ajuster la hauteur entre 530-820<span class=\"excerpt-hellip\"> [\u2026]<\/span><\/p>","protected":false},"featured_media":561,"comment_status":"open","ping_status":"closed","template":"","meta":[],"product_brand":[],"product_cat":[30,24],"product_tag":[],"class_list":{"0":"post-560","1":"product","2":"type-product","3":"status-publish","4":"has-post-thumbnail","6":"product_cat-chariots-medicaux","7":"product_cat-mobiliers-medical","9":"first","10":"instock","11":"shipping-taxable","12":"product-type-simple"},"_links":{"self":[{"href":"https:\/\/www.ecomaximportmedical.com\/fr\/wp-json\/wp\/v2\/product\/560","targetHints":{"allow":["GET"]}}],"collection":[{"href":"https:\/\/www.ecomaximportmedical.com\/fr\/wp-json\/wp\/v2\/product"}],"about":[{"href":"https:\/\/www.ecomaximportmedical.com\/fr\/wp-json\/wp\/v2\/types\/product"}],"replies":[{"embeddable":true,"href":"https:\/\/www.ecomaximportmedical.com\/fr\/wp-json\/wp\/v2\/comments?post=560"}],"version-history":[{"count":1,"href":"https:\/\/www.ecomaximportmedical.com\/fr\/wp-json\/wp\/v2\/product\/560\/revisions"}],"predecessor-version":[{"id":562,"href":"https:\/\/www.ecomaximportmedical.com\/fr\/wp-json\/wp\/v2\/product\/560\/revisions\/562"}],"wp:featuredmedia":[{"embeddable":true,"href":"https:\/\/www.ecomaximportmedical.com\/fr\/wp-json\/wp\/v2\/media\/561"}],"wp:attachment":[{"href":"https:\/\/www.ecomaximportmedical.com\/fr\/wp-json\/wp\/v2\/media?parent=560"}],"wp:term":[{"taxonomy":"product_brand","embeddable":true,"href":"https:\/\/www.ecomaximportmedical.com\/fr\/wp-json\/wp\/v2\/product_brand?post=560"},{"taxonomy":"product_cat","embeddable":true,"href":"https:\/\/www.ecomaximportmedical.com\/fr\/wp-json\/wp\/v2\/product_cat?post=560"},{"taxonomy":"product_tag","embeddable":true,"href":"https:\/\/www.ecomaximportmedical.com\/fr\/wp-json\/wp\/v2\/product_tag?post=560"}],"curies":[{"name":"wp","href":"https:\/\/api.w.org\/{rel}","templated":true}]}}