{"id":544,"date":"2024-12-29T15:46:14","date_gmt":"2024-12-29T20:46:14","guid":{"rendered":"https:\/\/www.ecomaximportmedical.com\/?post_type=product&#038;p=544"},"modified":"2024-12-29T17:58:03","modified_gmt":"2024-12-29T22:58:03","slug":"moniteur-foetal-bt-300","status":"publish","type":"product","link":"https:\/\/www.ecomaximportmedical.com\/fr\/produit\/moniteur-foetal-bt-300\/","title":{"rendered":"Moniteur F\u0153tal BT-300"},"content":{"rendered":"<div class=\"product-title-wrap\">\n<h3 class=\"product_title entry-title\">Moniteur F\u0153tal BT-300<\/h3>\n<\/div>\n<p>Moniteur F\u0153tal BT-300 Ceci est un moniteur f\u0153tal antepartum mesurant la FCF et la FCU. Il permet \u00e0 une femme dans son lit d\u2019indiquer le point de mouvement du f\u0153tus en appuyant seule sur le bouton du marqueur d\u2019\u00e9v\u00e9nement.<\/p>\n<p><span class=\"tlid-translation translation\" lang=\"fr\"><span title=\"\">BT-300 indique FHR sous forme num\u00e9rique en irradiant des ultrasons au niveau de l\u2019abdomen, en soustrayant la fr\u00e9quence doppler du cycle de battement cardiaque au signal r\u00e9fl\u00e9chi par le c\u0153ur f\u0153tal produisant un changement de FHR sous forme de son et en analysant ces signaux.<\/span>\u00a0<span title=\"\">En outre, vous pouvez mesurer la CU en utilisant un capteur de pression, indiquer et imprimer les donn\u00e9es de FHR et de la UC.<\/span><\/span><\/p>\n<p><span title=\"\">Pratique, portable et facile \u00e0 utiliser.<\/span>\u00a0<span title=\"\">Le BT-300 est le meilleur moniteur f\u0153tal avant l\u2019accouchement qui satisfait les besoins de l\u2019utilisateur avec les caract\u00e9ristiques distinctives suivantes:<\/span><\/p>\n<p><span title=\"\">\u2022 Twin FHR (Doppler \u00e0 double impulsion)<\/span><\/p>\n<p><span title=\"\">\u2022 Compact et l\u00e9ger (191 x 187 x 201mm, environ 5 kg)<\/span><\/p>\n<p><span title=\"\">\u2022 Haute sensibilit\u00e9 de la sonde \u00e0 0,985 MHz et \u00e9tanche<\/span><\/p>\n<p><span title=\"\">\u2022 Porte-sonde (4 porte-sondes des deux c\u00f4t\u00e9s)<\/span><\/p>\n<p><span title=\"\">\u2022 Batterie rechargeable (1 heure de fonctionnement: option).<\/span><\/p>","protected":false},"excerpt":{"rendered":"<p>Moniteur F\u0153tal BT-300 Moniteur F\u0153tal BT-300 Ceci est un moniteur f\u0153tal antepartum mesurant la FCF et la FCU. Il permet \u00e0 une femme dans son lit<span class=\"excerpt-hellip\"> [\u2026]<\/span><\/p>","protected":false},"featured_media":545,"comment_status":"open","ping_status":"closed","template":"","meta":[],"product_brand":[],"product_cat":[20,28],"product_tag":[],"class_list":{"0":"post-544","1":"product","2":"type-product","3":"status-publish","4":"has-post-thumbnail","6":"product_cat-diagnostique","7":"product_cat-moniteur-foetal","9":"first","10":"instock","11":"shipping-taxable","12":"product-type-simple"},"_links":{"self":[{"href":"https:\/\/www.ecomaximportmedical.com\/fr\/wp-json\/wp\/v2\/product\/544","targetHints":{"allow":["GET"]}}],"collection":[{"href":"https:\/\/www.ecomaximportmedical.com\/fr\/wp-json\/wp\/v2\/product"}],"about":[{"href":"https:\/\/www.ecomaximportmedical.com\/fr\/wp-json\/wp\/v2\/types\/product"}],"replies":[{"embeddable":true,"href":"https:\/\/www.ecomaximportmedical.com\/fr\/wp-json\/wp\/v2\/comments?post=544"}],"version-history":[{"count":1,"href":"https:\/\/www.ecomaximportmedical.com\/fr\/wp-json\/wp\/v2\/product\/544\/revisions"}],"predecessor-version":[{"id":546,"href":"https:\/\/www.ecomaximportmedical.com\/fr\/wp-json\/wp\/v2\/product\/544\/revisions\/546"}],"wp:featuredmedia":[{"embeddable":true,"href":"https:\/\/www.ecomaximportmedical.com\/fr\/wp-json\/wp\/v2\/media\/545"}],"wp:attachment":[{"href":"https:\/\/www.ecomaximportmedical.com\/fr\/wp-json\/wp\/v2\/media?parent=544"}],"wp:term":[{"taxonomy":"product_brand","embeddable":true,"href":"https:\/\/www.ecomaximportmedical.com\/fr\/wp-json\/wp\/v2\/product_brand?post=544"},{"taxonomy":"product_cat","embeddable":true,"href":"https:\/\/www.ecomaximportmedical.com\/fr\/wp-json\/wp\/v2\/product_cat?post=544"},{"taxonomy":"product_tag","embeddable":true,"href":"https:\/\/www.ecomaximportmedical.com\/fr\/wp-json\/wp\/v2\/product_tag?post=544"}],"curies":[{"name":"wp","href":"https:\/\/api.w.org\/{rel}","templated":true}]}}