{"id":541,"date":"2024-12-29T15:43:36","date_gmt":"2024-12-29T20:43:36","guid":{"rendered":"https:\/\/www.ecomaximportmedical.com\/?post_type=product&#038;p=541"},"modified":"2024-12-29T17:58:35","modified_gmt":"2024-12-29T22:58:35","slug":"moniteur-foetal-ercf","status":"publish","type":"product","link":"https:\/\/www.ecomaximportmedical.com\/fr\/produit\/moniteur-foetal-ercf\/","title":{"rendered":"Moniteur F\u0153tal (ERCF)"},"content":{"rendered":"<p>Moniteur F\u0153tal (ERCF) Pratique, portable et facile \u00e0 utiliser. Le L8 est l\u2019un des meilleur moniteur f\u0153tal de sa cat\u00e9gorie<\/p>\n<div>\u25cf\u00a0\u00c9cran d\u2019affichage haute r\u00e9solution 7\u2033, r\u00e9glable \u00e0 90 degr\u00e9s<\/div>\n<div>\u25cf\u00a0Imprimante thermique haute r\u00e9solution longue dur\u00e9e de vie int\u00e9gr\u00e9e<\/div>\n<div>\u25cf\u00a0Notation automatique et impression<\/div>\n<div>\u25cf\u00a0Batterie Li-Ion rechargeable int\u00e9gr\u00e9e, prend en charge le travail de longue dur\u00e9e<\/div>\n<div>\u25cf\u00a0Mise en r\u00e9seau avec le syst\u00e8me de surveillance central Luckcome<\/div>","protected":false},"excerpt":{"rendered":"<p>Moniteur F\u0153tal (ERCF) Pratique, portable et facile \u00e0 utiliser. Le L8 est l\u2019un des meilleur moniteur f\u0153tal de sa cat\u00e9gorie \u25cf\u00a0\u00c9cran d\u2019affichage haute r\u00e9solution 7\u2033, r\u00e9glable<span class=\"excerpt-hellip\"> [\u2026]<\/span><\/p>","protected":false},"featured_media":542,"comment_status":"open","ping_status":"closed","template":"","meta":[],"product_brand":[],"product_cat":[20,28],"product_tag":[],"class_list":{"0":"post-541","1":"product","2":"type-product","3":"status-publish","4":"has-post-thumbnail","6":"product_cat-diagnostique","7":"product_cat-moniteur-foetal","9":"first","10":"instock","11":"shipping-taxable","12":"product-type-simple"},"_links":{"self":[{"href":"https:\/\/www.ecomaximportmedical.com\/fr\/wp-json\/wp\/v2\/product\/541","targetHints":{"allow":["GET"]}}],"collection":[{"href":"https:\/\/www.ecomaximportmedical.com\/fr\/wp-json\/wp\/v2\/product"}],"about":[{"href":"https:\/\/www.ecomaximportmedical.com\/fr\/wp-json\/wp\/v2\/types\/product"}],"replies":[{"embeddable":true,"href":"https:\/\/www.ecomaximportmedical.com\/fr\/wp-json\/wp\/v2\/comments?post=541"}],"version-history":[{"count":1,"href":"https:\/\/www.ecomaximportmedical.com\/fr\/wp-json\/wp\/v2\/product\/541\/revisions"}],"predecessor-version":[{"id":543,"href":"https:\/\/www.ecomaximportmedical.com\/fr\/wp-json\/wp\/v2\/product\/541\/revisions\/543"}],"wp:featuredmedia":[{"embeddable":true,"href":"https:\/\/www.ecomaximportmedical.com\/fr\/wp-json\/wp\/v2\/media\/542"}],"wp:attachment":[{"href":"https:\/\/www.ecomaximportmedical.com\/fr\/wp-json\/wp\/v2\/media?parent=541"}],"wp:term":[{"taxonomy":"product_brand","embeddable":true,"href":"https:\/\/www.ecomaximportmedical.com\/fr\/wp-json\/wp\/v2\/product_brand?post=541"},{"taxonomy":"product_cat","embeddable":true,"href":"https:\/\/www.ecomaximportmedical.com\/fr\/wp-json\/wp\/v2\/product_cat?post=541"},{"taxonomy":"product_tag","embeddable":true,"href":"https:\/\/www.ecomaximportmedical.com\/fr\/wp-json\/wp\/v2\/product_tag?post=541"}],"curies":[{"name":"wp","href":"https:\/\/api.w.org\/{rel}","templated":true}]}}