{"id":538,"date":"2024-12-29T15:41:13","date_gmt":"2024-12-29T20:41:13","guid":{"rendered":"https:\/\/www.ecomaximportmedical.com\/?post_type=product&#038;p=538"},"modified":"2024-12-29T17:58:27","modified_gmt":"2024-12-29T22:58:27","slug":"moniteur-de-surveillance-a-7-parametres-tactile","status":"publish","type":"product","link":"https:\/\/www.ecomaximportmedical.com\/fr\/produit\/moniteur-de-surveillance-a-7-parametres-tactile\/","title":{"rendered":"Moniteur De Surveillance \u00c0 7 Param\u00e8tres Tactile"},"content":{"rendered":"<div class=\"product-title-wrap\">\n<p class=\"product_title entry-title\"><strong>Moniteur De Surveillance \u00c0 7 Param\u00e8tres Tactile<\/strong><\/p>\n<p>LE UP 7000 est un moniteur Tactile multi-param\u00e9trique con\u00e7ue pour facilit\u00e9 les proc\u00e9dures d\u2019utilisation. dot\u00e9 d\u2019un \u00e9cran tactile 12.1\u2033<br \/>\n-configurations \u00e0 7 param\u00e8tres soit : ECG, RESP, NIBP, SPO2, PR, TEMP.IBP,ETCO2<\/p>\n<p>&nbsp;<\/p>\n<\/div>\n<p><strong><u>Configuration:<\/u><\/strong><strong><u>\u00a0<\/u><\/strong><\/p>\n<ol>\n<li><strong>ECG<\/strong>: 5 d\u00e9rivations<\/li>\n<li><strong>RESP\u00a0:<\/strong>\u00a0respiration<\/li>\n<li><strong>NIBP\u00a0:<\/strong>\u00a0pression Non invasive<\/li>\n<li><strong>SPO2\u00a0:\u00a0<\/strong>Saturation d\u2019oxyg\u00e8ne <strong>PR:<\/strong>frequence du pouls<\/li>\n<li><strong>T\u00a0:<\/strong>Temp\u00e9rature<\/li>\n<li><strong>IBP: <\/strong>pression invasive<\/li>\n<li><strong>CO2:<\/strong> CAPNO<\/li>\n<\/ol>","protected":false},"excerpt":{"rendered":"<p>Moniteur De Surveillance \u00c0 7 Param\u00e8tres Tactile LE UP 7000 est un moniteur Tactile multi-param\u00e9trique con\u00e7ue pour facilit\u00e9 les proc\u00e9dures d\u2019utilisation. dot\u00e9 d\u2019un \u00e9cran tactile 12.1\u2033<span class=\"excerpt-hellip\"> [\u2026]<\/span><\/p>","protected":false},"featured_media":539,"comment_status":"open","ping_status":"closed","template":"","meta":[],"product_brand":[],"product_cat":[20,26],"product_tag":[],"class_list":{"0":"post-538","1":"product","2":"type-product","3":"status-publish","4":"has-post-thumbnail","6":"product_cat-diagnostique","7":"product_cat-moniteurs","9":"first","10":"instock","11":"shipping-taxable","12":"product-type-simple"},"_links":{"self":[{"href":"https:\/\/www.ecomaximportmedical.com\/fr\/wp-json\/wp\/v2\/product\/538","targetHints":{"allow":["GET"]}}],"collection":[{"href":"https:\/\/www.ecomaximportmedical.com\/fr\/wp-json\/wp\/v2\/product"}],"about":[{"href":"https:\/\/www.ecomaximportmedical.com\/fr\/wp-json\/wp\/v2\/types\/product"}],"replies":[{"embeddable":true,"href":"https:\/\/www.ecomaximportmedical.com\/fr\/wp-json\/wp\/v2\/comments?post=538"}],"version-history":[{"count":1,"href":"https:\/\/www.ecomaximportmedical.com\/fr\/wp-json\/wp\/v2\/product\/538\/revisions"}],"predecessor-version":[{"id":540,"href":"https:\/\/www.ecomaximportmedical.com\/fr\/wp-json\/wp\/v2\/product\/538\/revisions\/540"}],"wp:featuredmedia":[{"embeddable":true,"href":"https:\/\/www.ecomaximportmedical.com\/fr\/wp-json\/wp\/v2\/media\/539"}],"wp:attachment":[{"href":"https:\/\/www.ecomaximportmedical.com\/fr\/wp-json\/wp\/v2\/media?parent=538"}],"wp:term":[{"taxonomy":"product_brand","embeddable":true,"href":"https:\/\/www.ecomaximportmedical.com\/fr\/wp-json\/wp\/v2\/product_brand?post=538"},{"taxonomy":"product_cat","embeddable":true,"href":"https:\/\/www.ecomaximportmedical.com\/fr\/wp-json\/wp\/v2\/product_cat?post=538"},{"taxonomy":"product_tag","embeddable":true,"href":"https:\/\/www.ecomaximportmedical.com\/fr\/wp-json\/wp\/v2\/product_tag?post=538"}],"curies":[{"name":"wp","href":"https:\/\/api.w.org\/{rel}","templated":true}]}}