{"id":15,"date":"2020-09-21T09:48:55","date_gmt":"2020-09-21T09:48:55","guid":{"rendered":"https:\/\/themes.muffingroup.com\/be\/computershop\/?page_id=15"},"modified":"2024-12-29T18:03:14","modified_gmt":"2024-12-29T23:03:14","slug":"a-propos","status":"publish","type":"page","link":"https:\/\/www.ecomaximportmedical.com\/fr\/a-propos\/","title":{"rendered":"\u00c0 propos"},"content":{"rendered":"<div data-elementor-type=\"wp-page\" data-elementor-id=\"15\" class=\"elementor elementor-15\">\n\t\t\t\t\t\t<section class=\"elementor-section elementor-top-section elementor-element elementor-element-e4d474c elementor-section-content-middle elementor-section-stretched elementor-section-boxed elementor-section-height-default elementor-section-height-default\" data-id=\"e4d474c\" data-element_type=\"section\" data-e-type=\"section\" data-settings=\"{&quot;stretch_section&quot;:&quot;section-stretched&quot;,&quot;background_background&quot;:&quot;classic&quot;}\">\n\t\t\t\t\t\t<div class=\"elementor-container elementor-column-gap-no\">\n\t\t\t\t\t<div class=\"elementor-column elementor-col-50 elementor-top-column elementor-element elementor-element-0f59f68\" data-id=\"0f59f68\" data-element_type=\"column\" data-e-type=\"column\">\n\t\t\t<div class=\"elementor-widget-wrap elementor-element-populated\">\n\t\t\t\t\t\t<div class=\"elementor-element elementor-element-3846574 elementor-widget elementor-widget-text-editor\" data-id=\"3846574\" data-element_type=\"widget\" data-e-type=\"widget\" data-widget_type=\"text-editor.default\">\n\t\t\t\t<div class=\"elementor-widget-container\">\n\t\t\t\t\t\t\t\t\t<h2>\u00c0 Propos<\/h2>\n<p class=\"big\"><span style=\"color: #ffffff;\">ECOMAX IMPORT M\u00c9DICAL est une entreprise sp\u00e9cialis\u00e9e dans l\u2019importation et la distribution de divers mat\u00e9riels m\u00e9dicaux de diff\u00e9rentes gammes.<\/span><\/p>\t\t\t\t\t\t\t\t<\/div>\n\t\t\t\t<\/div>\n\t\t\t\t<div class=\"elementor-element elementor-element-c3c71cd elementor-align-start elementor-icon-list--layout-traditional elementor-list-item-link-full_width elementor-widget elementor-widget-icon-list\" data-id=\"c3c71cd\" data-element_type=\"widget\" data-e-type=\"widget\" data-widget_type=\"icon-list.default\">\n\t\t\t\t<div class=\"elementor-widget-container\">\n\t\t\t\t\t\t\t<ul class=\"elementor-icon-list-items\">\n\t\t\t\t\t\t\t<li class=\"elementor-icon-list-item\">\n\t\t\t\t\t\t\t\t\t\t\t<span class=\"elementor-icon-list-icon\">\n\t\t\t\t\t\t\t<svg aria-hidden=\"true\" class=\"e-font-icon-svg e-fas-check-circle\" viewbox=\"0 0 512 512\" xmlns=\"http:\/\/www.w3.org\/2000\/svg\"><path d=\"M504 256c0 136.967-111.033 248-248 248S8 392.967 8 256 119.033 8 256 8s248 111.033 248 248zM227.314 387.314l184-184c6.248-6.248 6.248-16.379 0-22.627l-22.627-22.627c-6.248-6.249-16.379-6.249-22.628 0L216 308.118l-70.059-70.059c-6.248-6.248-16.379-6.248-22.628 0l-22.627 22.627c-6.248 6.248-6.248 16.379 0 22.627l104 104c6.249 6.249 16.379 6.249 22.628.001z\"><\/path><\/svg>\t\t\t\t\t\t<\/span>\n\t\t\t\t\t\t\t\t\t\t<span class=\"elementor-icon-list-text\"><b>ECOMAX IMPORT M\u00c9DICAL<\/b> s\u2019est \u00e9lev\u00e9e \u00e0 un niveau technique et commercial gr\u00e2ce \u00e0 ses grandes connaissances des besoins et des exigences du march\u00e9 alg\u00e9rien en mati\u00e8re de sant\u00e9.<\/span>\n\t\t\t\t\t\t\t\t\t<\/li>\n\t\t\t\t\t\t\t\t<li class=\"elementor-icon-list-item\">\n\t\t\t\t\t\t\t\t\t\t\t<span class=\"elementor-icon-list-icon\">\n\t\t\t\t\t\t\t<svg aria-hidden=\"true\" class=\"e-font-icon-svg e-fas-check-circle\" viewbox=\"0 0 512 512\" xmlns=\"http:\/\/www.w3.org\/2000\/svg\"><path d=\"M504 256c0 136.967-111.033 248-248 248S8 392.967 8 256 119.033 8 256 8s248 111.033 248 248zM227.314 387.314l184-184c6.248-6.248 6.248-16.379 0-22.627l-22.627-22.627c-6.248-6.249-16.379-6.249-22.628 0L216 308.118l-70.059-70.059c-6.248-6.248-16.379-6.248-22.628 0l-22.627 22.627c-6.248 6.248-6.248 16.379 0 22.627l104 104c6.249 6.249 16.379 6.249 22.628.001z\"><\/path><\/svg>\t\t\t\t\t\t<\/span>\n\t\t\t\t\t\t\t\t\t\t<span class=\"elementor-icon-list-text\"><b>ECOMAX IMPORT M\u00c9DICAL<\/b> a pour mission principale de mettre \u00e0 disposition des professionnels de la sant\u00e9 les meilleures solutions adapt\u00e9es \u00e0 leurs besoins en leur fournissant les derni\u00e8res avanc\u00e9es technologiques des gammes des \u00e9quipements m\u00e9dicaux commercialis\u00e9es.<\/span>\n\t\t\t\t\t\t\t\t\t<\/li>\n\t\t\t\t\t\t\t\t<li class=\"elementor-icon-list-item\">\n\t\t\t\t\t\t\t\t\t\t\t<span class=\"elementor-icon-list-icon\">\n\t\t\t\t\t\t\t<svg aria-hidden=\"true\" class=\"e-font-icon-svg e-fas-check-circle\" viewbox=\"0 0 512 512\" xmlns=\"http:\/\/www.w3.org\/2000\/svg\"><path d=\"M504 256c0 136.967-111.033 248-248 248S8 392.967 8 256 119.033 8 256 8s248 111.033 248 248zM227.314 387.314l184-184c6.248-6.248 6.248-16.379 0-22.627l-22.627-22.627c-6.248-6.249-16.379-6.249-22.628 0L216 308.118l-70.059-70.059c-6.248-6.248-16.379-6.248-22.628 0l-22.627 22.627c-6.248 6.248-6.248 16.379 0 22.627l104 104c6.249 6.249 16.379 6.249 22.628.001z\"><\/path><\/svg>\t\t\t\t\t\t<\/span>\n\t\t\t\t\t\t\t\t\t\t<span class=\"elementor-icon-list-text\"><b>ECOMAX IMPORT M\u00c9DICAL<\/b> dispose aujourd\u2019hui de plusieurs partenariats avec des firmes internationales parmi les leaders mondiaux, pour une repr\u00e9sentation exclusive en Alg\u00e9rie.<\/span>\n\t\t\t\t\t\t\t\t\t<\/li>\n\t\t\t\t\t\t<\/ul>\n\t\t\t\t\t\t<\/div>\n\t\t\t\t<\/div>\n\t\t\t\t\t<\/div>\n\t\t<\/div>\n\t\t\t\t<div class=\"elementor-column elementor-col-50 elementor-top-column elementor-element elementor-element-1ebae31\" data-id=\"1ebae31\" data-element_type=\"column\" data-e-type=\"column\">\n\t\t\t<div class=\"elementor-widget-wrap elementor-element-populated\">\n\t\t\t\t\t\t<div class=\"elementor-element elementor-element-52282f5 elementor-widget elementor-widget-image\" data-id=\"52282f5\" data-element_type=\"widget\" data-e-type=\"widget\" data-widget_type=\"image.default\">\n\t\t\t\t<div class=\"elementor-widget-container\">\n\t\t\t\t\t\t\t\t\t\t\t\t\t\t\t<img fetchpriority=\"high\" decoding=\"async\" width=\"745\" height=\"1024\" src=\"https:\/\/www.ecomaximportmedical.com\/wp-content\/uploads\/2020\/09\/computershop-about-pic3-745x1024.png\" class=\"attachment-large size-large wp-image-104\" alt=\"\" srcset=\"https:\/\/www.ecomaximportmedical.com\/wp-content\/uploads\/2020\/09\/computershop-about-pic3-745x1024.png 745w, https:\/\/www.ecomaximportmedical.com\/wp-content\/uploads\/2020\/09\/computershop-about-pic3-218x300.png 218w, https:\/\/www.ecomaximportmedical.com\/wp-content\/uploads\/2020\/09\/computershop-about-pic3-768x1056.png 768w, https:\/\/www.ecomaximportmedical.com\/wp-content\/uploads\/2020\/09\/computershop-about-pic3-106x146.png 106w, https:\/\/www.ecomaximportmedical.com\/wp-content\/uploads\/2020\/09\/computershop-about-pic3-36x50.png 36w, https:\/\/www.ecomaximportmedical.com\/wp-content\/uploads\/2020\/09\/computershop-about-pic3-55x75.png 55w, https:\/\/www.ecomaximportmedical.com\/wp-content\/uploads\/2020\/09\/computershop-about-pic3.png 780w\" sizes=\"(max-width: 745px) 100vw, 745px\" \/>\t\t\t\t\t\t\t\t\t\t\t\t\t\t\t<\/div>\n\t\t\t\t<\/div>\n\t\t\t\t\t<\/div>\n\t\t<\/div>\n\t\t\t\t\t<\/div>\n\t\t<\/section>\n\t\t\t\t<section class=\"elementor-section elementor-top-section elementor-element elementor-element-e69f6dc elementor-section-stretched elementor-section-boxed elementor-section-height-default elementor-section-height-default\" data-id=\"e69f6dc\" data-element_type=\"section\" data-e-type=\"section\" data-settings=\"{&quot;stretch_section&quot;:&quot;section-stretched&quot;}\">\n\t\t\t\t\t\t<div class=\"elementor-container elementor-column-gap-wider\">\n\t\t\t\t\t<div class=\"elementor-column elementor-col-100 elementor-top-column elementor-element elementor-element-721b347\" data-id=\"721b347\" data-element_type=\"column\" data-e-type=\"column\">\n\t\t\t<div class=\"elementor-widget-wrap elementor-element-populated\">\n\t\t\t\t\t\t<section class=\"elementor-section elementor-inner-section elementor-element elementor-element-1c16071 elementor-section-content-middle elementor-section-boxed elementor-section-height-default elementor-section-height-default\" data-id=\"1c16071\" data-element_type=\"section\" data-e-type=\"section\">\n\t\t\t\t\t\t<div class=\"elementor-container elementor-column-gap-wider\">\n\t\t\t\t\t<div class=\"elementor-column elementor-col-50 elementor-inner-column elementor-element elementor-element-75e2043\" data-id=\"75e2043\" data-element_type=\"column\" data-e-type=\"column\">\n\t\t\t<div class=\"elementor-widget-wrap elementor-element-populated\">\n\t\t\t\t\t\t<div class=\"elementor-element elementor-element-5816910 elementor-widget elementor-widget-image\" data-id=\"5816910\" data-element_type=\"widget\" data-e-type=\"widget\" data-widget_type=\"image.default\">\n\t\t\t\t<div class=\"elementor-widget-container\">\n\t\t\t\t\t\t\t\t\t\t\t\t\t\t\t<img decoding=\"async\" width=\"713\" height=\"715\" src=\"https:\/\/www.ecomaximportmedical.com\/wp-content\/uploads\/2024\/12\/Capture-decran-le-2024-12-28-a-18.22.24.png\" class=\"attachment-large size-large wp-image-503\" alt=\"\" srcset=\"https:\/\/www.ecomaximportmedical.com\/wp-content\/uploads\/2024\/12\/Capture-decran-le-2024-12-28-a-18.22.24.png 713w, https:\/\/www.ecomaximportmedical.com\/wp-content\/uploads\/2024\/12\/Capture-decran-le-2024-12-28-a-18.22.24-300x300.png 300w, https:\/\/www.ecomaximportmedical.com\/wp-content\/uploads\/2024\/12\/Capture-decran-le-2024-12-28-a-18.22.24-150x150.png 150w, https:\/\/www.ecomaximportmedical.com\/wp-content\/uploads\/2024\/12\/Capture-decran-le-2024-12-28-a-18.22.24-12x12.png 12w, https:\/\/www.ecomaximportmedical.com\/wp-content\/uploads\/2024\/12\/Capture-decran-le-2024-12-28-a-18.22.24-146x146.png 146w, https:\/\/www.ecomaximportmedical.com\/wp-content\/uploads\/2024\/12\/Capture-decran-le-2024-12-28-a-18.22.24-50x50.png 50w, https:\/\/www.ecomaximportmedical.com\/wp-content\/uploads\/2024\/12\/Capture-decran-le-2024-12-28-a-18.22.24-75x75.png 75w, https:\/\/www.ecomaximportmedical.com\/wp-content\/uploads\/2024\/12\/Capture-decran-le-2024-12-28-a-18.22.24-85x85.png 85w, https:\/\/www.ecomaximportmedical.com\/wp-content\/uploads\/2024\/12\/Capture-decran-le-2024-12-28-a-18.22.24-80x80.png 80w, https:\/\/www.ecomaximportmedical.com\/wp-content\/uploads\/2024\/12\/Capture-decran-le-2024-12-28-a-18.22.24-500x500.png 500w\" sizes=\"(max-width: 713px) 100vw, 713px\" \/>\t\t\t\t\t\t\t\t\t\t\t\t\t\t\t<\/div>\n\t\t\t\t<\/div>\n\t\t\t\t\t<\/div>\n\t\t<\/div>\n\t\t\t\t<div class=\"elementor-column elementor-col-50 elementor-inner-column elementor-element elementor-element-af2d938\" data-id=\"af2d938\" data-element_type=\"column\" data-e-type=\"column\">\n\t\t\t<div class=\"elementor-widget-wrap elementor-element-populated\">\n\t\t\t\t\t\t<div class=\"elementor-element elementor-element-704f59c elementor-widget elementor-widget-text-editor\" data-id=\"704f59c\" data-element_type=\"widget\" data-e-type=\"widget\" data-widget_type=\"text-editor.default\">\n\t\t\t\t<div class=\"elementor-widget-container\">\n\t\t\t\t\t\t\t\t\t<h4><strong>ECOMAX IMPORT M\u00c9DICAL<\/strong> assure un service apr\u00e8s-vente : Installation, mise en service et maintenance, elle dispose \u00e9galement d\u2019une \u00e9cole de formation continue et de perfectionnement pour ses clients.<\/h4><p><strong>ECOMAX IMPORT M\u00c9DICAL<\/strong> renforce sa position de leader qui lui permet de pr\u00e9server sa qualit\u00e9 de service et \u00eatre \u00e0 l\u2019\u00e9coute de ses clients pour vous et avec vous.<\/p>\t\t\t\t\t\t\t\t<\/div>\n\t\t\t\t<\/div>\n\t\t\t\t\t<\/div>\n\t\t<\/div>\n\t\t\t\t\t<\/div>\n\t\t<\/section>\n\t\t\t\t<section class=\"elementor-section elementor-inner-section elementor-element elementor-element-68c27ae elementor-section-content-middle elementor-section-boxed elementor-section-height-default elementor-section-height-default\" data-id=\"68c27ae\" data-element_type=\"section\" data-e-type=\"section\">\n\t\t\t\t\t\t<div class=\"elementor-container elementor-column-gap-wider\">\n\t\t\t\t\t<div class=\"elementor-column elementor-col-50 elementor-inner-column elementor-element elementor-element-f3467f2\" data-id=\"f3467f2\" data-element_type=\"column\" data-e-type=\"column\">\n\t\t\t<div class=\"elementor-widget-wrap elementor-element-populated\">\n\t\t\t\t\t\t<div class=\"elementor-element elementor-element-056742e elementor-widget elementor-widget-text-editor\" data-id=\"056742e\" data-element_type=\"widget\" data-e-type=\"widget\" data-widget_type=\"text-editor.default\">\n\t\t\t\t<div class=\"elementor-widget-container\">\n\t\t\t\t\t\t\t\t\t<h3>NOS SP\u00c9CIALIT\u00c9S :<\/h3><h4><strong>\u00c9quipements d\u2019imagerie m\u00e9dicale<\/strong><\/h4><p>\u2022 Scanner multi coupes<br \/>\u2022 IRM<br \/>\u2022 Radiologie g\u00e9n\u00e9rale<\/p><h4><strong>Analogique et num\u00e9rique<\/strong><\/h4><p><strong>Radio mobile<\/strong><\/p><p><strong>Table basculante num\u00e9rique<\/strong><\/p><p><strong>Amplificateur de brillance<\/strong><\/p><p><strong>Mammographie num\u00e9rique<\/strong><\/p><p><strong>Panoramique dentaire num\u00e9rique<\/strong><\/p><h4><strong>\u00c9quipements de surveillance<\/strong><\/h4><p>\u2022 Centrale de surveillance<br \/>\u2022 Moniteur multi param\u00e9triques<br \/>\u2022 Moniteur amagn\u00e9tique<br \/>\u2022 Saturom\u00e8tre<\/p><h4><strong>\u00c9quipements de cardiologie<\/strong><\/h4><p>\u2022 \u00c9chocardiographie<br \/>\u2022 D\u00e9fibrillateur<br \/>\u2022 \u00c9preuve d\u2019effort<br \/>\u2022 Holter<br \/>\u2022 ECG<\/p><h4><strong>\u00c9quipements d\u2019urgence et premiers secours<\/strong><\/h4><h4><strong>Instrumentation m\u00e9dico-chirurgicale<\/strong><\/h4><h4><strong>Mobilier m\u00e9dical<\/strong><\/h4><h4><strong>\u00c9quipements d\u2019aides \u00e0 la marche<\/strong><\/h4><h4><strong>Equipements de st\u00e9rilisation<\/strong><\/h4><p>\u2022 Autoclave de paillasse classe B, 24L<\/p>\t\t\t\t\t\t\t\t<\/div>\n\t\t\t\t<\/div>\n\t\t\t\t\t<\/div>\n\t\t<\/div>\n\t\t\t\t<div class=\"elementor-column elementor-col-50 elementor-inner-column elementor-element elementor-element-e58eb11\" data-id=\"e58eb11\" data-element_type=\"column\" data-e-type=\"column\">\n\t\t\t<div class=\"elementor-widget-wrap elementor-element-populated\">\n\t\t\t\t\t\t<div class=\"elementor-element elementor-element-8181201 elementor-widget elementor-widget-image\" data-id=\"8181201\" data-element_type=\"widget\" data-e-type=\"widget\" data-widget_type=\"image.default\">\n\t\t\t\t<div class=\"elementor-widget-container\">\n\t\t\t\t\t\t\t\t\t\t\t\t\t\t\t<img decoding=\"async\" width=\"1024\" height=\"768\" src=\"https:\/\/www.ecomaximportmedical.com\/wp-content\/uploads\/2024\/12\/PERMISSION-TO-IMPORT-SMALL-QUANTITIES-MDService-1024x768-1.jpg\" class=\"attachment-large size-large wp-image-501\" alt=\"\" srcset=\"https:\/\/www.ecomaximportmedical.com\/wp-content\/uploads\/2024\/12\/PERMISSION-TO-IMPORT-SMALL-QUANTITIES-MDService-1024x768-1.jpg 1024w, https:\/\/www.ecomaximportmedical.com\/wp-content\/uploads\/2024\/12\/PERMISSION-TO-IMPORT-SMALL-QUANTITIES-MDService-1024x768-1-300x225.jpg 300w, https:\/\/www.ecomaximportmedical.com\/wp-content\/uploads\/2024\/12\/PERMISSION-TO-IMPORT-SMALL-QUANTITIES-MDService-1024x768-1-768x576.jpg 768w, https:\/\/www.ecomaximportmedical.com\/wp-content\/uploads\/2024\/12\/PERMISSION-TO-IMPORT-SMALL-QUANTITIES-MDService-1024x768-1-16x12.jpg 16w, https:\/\/www.ecomaximportmedical.com\/wp-content\/uploads\/2024\/12\/PERMISSION-TO-IMPORT-SMALL-QUANTITIES-MDService-1024x768-1-195x146.jpg 195w, https:\/\/www.ecomaximportmedical.com\/wp-content\/uploads\/2024\/12\/PERMISSION-TO-IMPORT-SMALL-QUANTITIES-MDService-1024x768-1-50x38.jpg 50w, https:\/\/www.ecomaximportmedical.com\/wp-content\/uploads\/2024\/12\/PERMISSION-TO-IMPORT-SMALL-QUANTITIES-MDService-1024x768-1-100x75.jpg 100w, https:\/\/www.ecomaximportmedical.com\/wp-content\/uploads\/2024\/12\/PERMISSION-TO-IMPORT-SMALL-QUANTITIES-MDService-1024x768-1-960x720.jpg 960w, https:\/\/www.ecomaximportmedical.com\/wp-content\/uploads\/2024\/12\/PERMISSION-TO-IMPORT-SMALL-QUANTITIES-MDService-1024x768-1-800x600.jpg 800w\" sizes=\"(max-width: 1024px) 100vw, 1024px\" \/>\t\t\t\t\t\t\t\t\t\t\t\t\t\t\t<\/div>\n\t\t\t\t<\/div>\n\t\t\t\t<div class=\"elementor-element elementor-element-5cd738f elementor-widget elementor-widget-image\" data-id=\"5cd738f\" data-element_type=\"widget\" data-e-type=\"widget\" data-widget_type=\"image.default\">\n\t\t\t\t<div class=\"elementor-widget-container\">\n\t\t\t\t\t\t\t\t\t\t\t\t\t\t\t<img loading=\"lazy\" decoding=\"async\" width=\"1024\" height=\"654\" src=\"https:\/\/www.ecomaximportmedical.com\/wp-content\/uploads\/2024\/12\/04-as_medical_equipment_683-ab-1024x654.jpg\" class=\"attachment-large size-large wp-image-497\" alt=\"\" srcset=\"https:\/\/www.ecomaximportmedical.com\/wp-content\/uploads\/2024\/12\/04-as_medical_equipment_683-ab-1024x654.jpg 1024w, https:\/\/www.ecomaximportmedical.com\/wp-content\/uploads\/2024\/12\/04-as_medical_equipment_683-ab-300x192.jpg 300w, https:\/\/www.ecomaximportmedical.com\/wp-content\/uploads\/2024\/12\/04-as_medical_equipment_683-ab-768x490.jpg 768w, https:\/\/www.ecomaximportmedical.com\/wp-content\/uploads\/2024\/12\/04-as_medical_equipment_683-ab-1536x981.jpg 1536w, https:\/\/www.ecomaximportmedical.com\/wp-content\/uploads\/2024\/12\/04-as_medical_equipment_683-ab-18x12.jpg 18w, https:\/\/www.ecomaximportmedical.com\/wp-content\/uploads\/2024\/12\/04-as_medical_equipment_683-ab-229x146.jpg 229w, https:\/\/www.ecomaximportmedical.com\/wp-content\/uploads\/2024\/12\/04-as_medical_equipment_683-ab-50x32.jpg 50w, https:\/\/www.ecomaximportmedical.com\/wp-content\/uploads\/2024\/12\/04-as_medical_equipment_683-ab-117x75.jpg 117w, https:\/\/www.ecomaximportmedical.com\/wp-content\/uploads\/2024\/12\/04-as_medical_equipment_683-ab-800x511.jpg 800w, https:\/\/www.ecomaximportmedical.com\/wp-content\/uploads\/2024\/12\/04-as_medical_equipment_683-ab.jpg 1701w\" sizes=\"(max-width: 1024px) 100vw, 1024px\" \/>\t\t\t\t\t\t\t\t\t\t\t\t\t\t\t<\/div>\n\t\t\t\t<\/div>\n\t\t\t\t<div class=\"elementor-element elementor-element-2440ddd elementor-widget elementor-widget-image\" data-id=\"2440ddd\" data-element_type=\"widget\" data-e-type=\"widget\" data-widget_type=\"image.default\">\n\t\t\t\t<div class=\"elementor-widget-container\">\n\t\t\t\t\t\t\t\t\t\t\t\t\t\t\t<img loading=\"lazy\" decoding=\"async\" width=\"1024\" height=\"576\" src=\"https:\/\/www.ecomaximportmedical.com\/wp-content\/uploads\/2024\/12\/MED-DEVICES-26-10-2024-1024x576.jpg\" class=\"attachment-large size-large wp-image-500\" alt=\"\" srcset=\"https:\/\/www.ecomaximportmedical.com\/wp-content\/uploads\/2024\/12\/MED-DEVICES-26-10-2024-1024x576.jpg 1024w, https:\/\/www.ecomaximportmedical.com\/wp-content\/uploads\/2024\/12\/MED-DEVICES-26-10-2024-300x169.jpg 300w, https:\/\/www.ecomaximportmedical.com\/wp-content\/uploads\/2024\/12\/MED-DEVICES-26-10-2024-768x432.jpg 768w, https:\/\/www.ecomaximportmedical.com\/wp-content\/uploads\/2024\/12\/MED-DEVICES-26-10-2024-18x10.jpg 18w, https:\/\/www.ecomaximportmedical.com\/wp-content\/uploads\/2024\/12\/MED-DEVICES-26-10-2024-260x146.jpg 260w, https:\/\/www.ecomaximportmedical.com\/wp-content\/uploads\/2024\/12\/MED-DEVICES-26-10-2024-50x28.jpg 50w, https:\/\/www.ecomaximportmedical.com\/wp-content\/uploads\/2024\/12\/MED-DEVICES-26-10-2024-133x75.jpg 133w, https:\/\/www.ecomaximportmedical.com\/wp-content\/uploads\/2024\/12\/MED-DEVICES-26-10-2024-1200x675.jpg 1200w, https:\/\/www.ecomaximportmedical.com\/wp-content\/uploads\/2024\/12\/MED-DEVICES-26-10-2024-800x450.jpg 800w, https:\/\/www.ecomaximportmedical.com\/wp-content\/uploads\/2024\/12\/MED-DEVICES-26-10-2024.jpg 1366w\" sizes=\"(max-width: 1024px) 100vw, 1024px\" \/>\t\t\t\t\t\t\t\t\t\t\t\t\t\t\t<\/div>\n\t\t\t\t<\/div>\n\t\t\t\t<div class=\"elementor-element elementor-element-34715c9 elementor-widget elementor-widget-image\" data-id=\"34715c9\" data-element_type=\"widget\" data-e-type=\"widget\" data-widget_type=\"image.default\">\n\t\t\t\t<div class=\"elementor-widget-container\">\n\t\t\t\t\t\t\t\t\t\t\t\t\t\t\t<img loading=\"lazy\" decoding=\"async\" width=\"1024\" height=\"682\" src=\"https:\/\/www.ecomaximportmedical.com\/wp-content\/uploads\/2024\/12\/the_post_1673954814-1024x682.jpg\" class=\"attachment-large size-large wp-image-502\" alt=\"\" srcset=\"https:\/\/www.ecomaximportmedical.com\/wp-content\/uploads\/2024\/12\/the_post_1673954814-1024x682.jpg 1024w, https:\/\/www.ecomaximportmedical.com\/wp-content\/uploads\/2024\/12\/the_post_1673954814-300x200.jpg 300w, https:\/\/www.ecomaximportmedical.com\/wp-content\/uploads\/2024\/12\/the_post_1673954814-768x512.jpg 768w, https:\/\/www.ecomaximportmedical.com\/wp-content\/uploads\/2024\/12\/the_post_1673954814-1536x1024.jpg 1536w, https:\/\/www.ecomaximportmedical.com\/wp-content\/uploads\/2024\/12\/the_post_1673954814-18x12.jpg 18w, https:\/\/www.ecomaximportmedical.com\/wp-content\/uploads\/2024\/12\/the_post_1673954814-219x146.jpg 219w, https:\/\/www.ecomaximportmedical.com\/wp-content\/uploads\/2024\/12\/the_post_1673954814-50x33.jpg 50w, https:\/\/www.ecomaximportmedical.com\/wp-content\/uploads\/2024\/12\/the_post_1673954814-113x75.jpg 113w, https:\/\/www.ecomaximportmedical.com\/wp-content\/uploads\/2024\/12\/the_post_1673954814-800x533.jpg 800w, https:\/\/www.ecomaximportmedical.com\/wp-content\/uploads\/2024\/12\/the_post_1673954814.jpg 1619w\" sizes=\"(max-width: 1024px) 100vw, 1024px\" \/>\t\t\t\t\t\t\t\t\t\t\t\t\t\t\t<\/div>\n\t\t\t\t<\/div>\n\t\t\t\t\t<\/div>\n\t\t<\/div>\n\t\t\t\t\t<\/div>\n\t\t<\/section>\n\t\t\t\t\t<\/div>\n\t\t<\/div>\n\t\t\t\t\t<\/div>\n\t\t<\/section>\n\t\t\t\t<\/div>","protected":false},"excerpt":{"rendered":"<p>\u00c0 Propos ECOMAX IMPORT M\u00c9DICAL est une entreprise sp\u00e9cialis\u00e9e dans l\u2019importation et la distribution de divers mat\u00e9riels m\u00e9dicaux de diff\u00e9rentes gammes. ECOMAX IMPORT M\u00c9DICAL s\u2019est \u00e9lev\u00e9e<span class=\"excerpt-hellip\"> [\u2026]<\/span><\/p>","protected":false},"author":1,"featured_media":0,"parent":0,"menu_order":0,"comment_status":"closed","ping_status":"closed","template":"","meta":{"footnotes":""},"class_list":["post-15","page","type-page","status-publish","hentry"],"_links":{"self":[{"href":"https:\/\/www.ecomaximportmedical.com\/fr\/wp-json\/wp\/v2\/pages\/15","targetHints":{"allow":["GET"]}}],"collection":[{"href":"https:\/\/www.ecomaximportmedical.com\/fr\/wp-json\/wp\/v2\/pages"}],"about":[{"href":"https:\/\/www.ecomaximportmedical.com\/fr\/wp-json\/wp\/v2\/types\/page"}],"author":[{"embeddable":true,"href":"https:\/\/www.ecomaximportmedical.com\/fr\/wp-json\/wp\/v2\/users\/1"}],"replies":[{"embeddable":true,"href":"https:\/\/www.ecomaximportmedical.com\/fr\/wp-json\/wp\/v2\/comments?post=15"}],"version-history":[{"count":16,"href":"https:\/\/www.ecomaximportmedical.com\/fr\/wp-json\/wp\/v2\/pages\/15\/revisions"}],"predecessor-version":[{"id":634,"href":"https:\/\/www.ecomaximportmedical.com\/fr\/wp-json\/wp\/v2\/pages\/15\/revisions\/634"}],"wp:attachment":[{"href":"https:\/\/www.ecomaximportmedical.com\/fr\/wp-json\/wp\/v2\/media?parent=15"}],"curies":[{"name":"wp","href":"https:\/\/api.w.org\/{rel}","templated":true}]}}