{"id":110,"date":"2020-09-21T09:49:06","date_gmt":"2020-09-21T09:49:06","guid":{"rendered":"https:\/\/themes.muffingroup.com\/be\/computershop\/?page_id=17"},"modified":"2024-12-28T18:25:46","modified_gmt":"2024-12-28T23:25:46","slug":"nous-contacter","status":"publish","type":"page","link":"https:\/\/www.ecomaximportmedical.com\/fr\/nous-contacter\/","title":{"rendered":"Nous contacter"},"content":{"rendered":"<div data-elementor-type=\"wp-page\" data-elementor-id=\"110\" class=\"elementor elementor-110\">\n\t\t\t\t\t\t<section class=\"elementor-section elementor-top-section elementor-element elementor-element-887faeb elementor-section-stretched elementor-section-boxed elementor-section-height-default elementor-section-height-default\" data-id=\"887faeb\" data-element_type=\"section\" data-e-type=\"section\" data-settings=\"{&quot;stretch_section&quot;:&quot;section-stretched&quot;}\">\n\t\t\t\t\t\t<div class=\"elementor-container elementor-column-gap-wider\">\n\t\t\t\t\t<div class=\"elementor-column elementor-col-100 elementor-top-column elementor-element elementor-element-bee1073\" data-id=\"bee1073\" data-element_type=\"column\" data-e-type=\"column\">\n\t\t\t<div class=\"elementor-widget-wrap elementor-element-populated\">\n\t\t\t\t\t\t<section class=\"elementor-section elementor-inner-section elementor-element elementor-element-39c1fa1 elementor-section-boxed elementor-section-height-default elementor-section-height-default\" data-id=\"39c1fa1\" data-element_type=\"section\" data-e-type=\"section\">\n\t\t\t\t\t\t<div class=\"elementor-container elementor-column-gap-wider\">\n\t\t\t\t\t<div class=\"elementor-column elementor-col-50 elementor-inner-column elementor-element elementor-element-b32e554\" data-id=\"b32e554\" data-element_type=\"column\" data-e-type=\"column\">\n\t\t\t<div class=\"elementor-widget-wrap elementor-element-populated\">\n\t\t\t\t\t\t<div class=\"elementor-element elementor-element-a8f11f6 elementor-widget elementor-widget-text-editor\" data-id=\"a8f11f6\" data-element_type=\"widget\" data-e-type=\"widget\" data-widget_type=\"text-editor.default\">\n\t\t\t\t<div class=\"elementor-widget-container\">\n\t\t\t\t\t\t\t\t\t<h6><span style=\"color: #000080;\">\u2014<\/span> CONTACT<\/h6>\t\t\t\t\t\t\t\t<\/div>\n\t\t\t\t<\/div>\n\t\t\t\t<div class=\"elementor-element elementor-element-50eb578 elementor-widget elementor-widget-text-editor\" data-id=\"50eb578\" data-element_type=\"widget\" data-e-type=\"widget\" data-widget_type=\"text-editor.default\">\n\t\t\t\t<div class=\"elementor-widget-container\">\n\t\t\t\t\t\t\t\t\t<h2>Nous \u00e9crire<\/h2>\t\t\t\t\t\t\t\t<\/div>\n\t\t\t\t<\/div>\n\t\t\t\t<div class=\"elementor-element elementor-element-784eac1 elementor-widget elementor-widget-text-editor\" data-id=\"784eac1\" data-element_type=\"widget\" data-e-type=\"widget\" data-widget_type=\"text-editor.default\">\n\t\t\t\t<div class=\"elementor-widget-container\">\n\t\t\t\t\t\t\t\t\t<h4 class=\"themecolor\">ECOMAX IMPORT M\u00c9DICAL<\/h4>\nCit\u00e9 Krim Belkacem Lot N&rsquo;02 Grp 06 &#8211; Rez-de-chauss\u00e9e &#8211; commune de Dar El Be\u00efda &#8211; wilaya d&rsquo;Alger.wner<\/h4><br><br>\n<h4 class=\"themecolor\">Whatssap : (514) 922-4510<br>\nT\u00e9l : +213 676 33 75 72<\/h4>\t\t\t\t\t\t\t\t<\/div>\n\t\t\t\t<\/div>\n\t\t\t\t<div class=\"elementor-element elementor-element-8ad0ba7 elementor-widget elementor-widget-image\" data-id=\"8ad0ba7\" data-element_type=\"widget\" data-e-type=\"widget\" data-widget_type=\"image.default\">\n\t\t\t\t<div class=\"elementor-widget-container\">\n\t\t\t\t\t\t\t\t\t\t\t\t\t\t\t<img fetchpriority=\"high\" decoding=\"async\" width=\"1024\" height=\"512\" src=\"https:\/\/www.ecomaximportmedical.com\/wp-content\/uploads\/2024\/12\/health-products-certified-by-health-canada-for-improtation-panorama-a14d226e7331640659a4a82541f0f855-kmpo561tifnz-1024x512.jpg\" class=\"attachment-large size-large wp-image-499\" alt=\"\" srcset=\"https:\/\/www.ecomaximportmedical.com\/wp-content\/uploads\/2024\/12\/health-products-certified-by-health-canada-for-improtation-panorama-a14d226e7331640659a4a82541f0f855-kmpo561tifnz-1024x512.jpg 1024w, https:\/\/www.ecomaximportmedical.com\/wp-content\/uploads\/2024\/12\/health-products-certified-by-health-canada-for-improtation-panorama-a14d226e7331640659a4a82541f0f855-kmpo561tifnz-300x150.jpg 300w, https:\/\/www.ecomaximportmedical.com\/wp-content\/uploads\/2024\/12\/health-products-certified-by-health-canada-for-improtation-panorama-a14d226e7331640659a4a82541f0f855-kmpo561tifnz-768x384.jpg 768w, https:\/\/www.ecomaximportmedical.com\/wp-content\/uploads\/2024\/12\/health-products-certified-by-health-canada-for-improtation-panorama-a14d226e7331640659a4a82541f0f855-kmpo561tifnz-18x9.jpg 18w, https:\/\/www.ecomaximportmedical.com\/wp-content\/uploads\/2024\/12\/health-products-certified-by-health-canada-for-improtation-panorama-a14d226e7331640659a4a82541f0f855-kmpo561tifnz-260x130.jpg 260w, https:\/\/www.ecomaximportmedical.com\/wp-content\/uploads\/2024\/12\/health-products-certified-by-health-canada-for-improtation-panorama-a14d226e7331640659a4a82541f0f855-kmpo561tifnz-50x25.jpg 50w, https:\/\/www.ecomaximportmedical.com\/wp-content\/uploads\/2024\/12\/health-products-certified-by-health-canada-for-improtation-panorama-a14d226e7331640659a4a82541f0f855-kmpo561tifnz-150x75.jpg 150w, https:\/\/www.ecomaximportmedical.com\/wp-content\/uploads\/2024\/12\/health-products-certified-by-health-canada-for-improtation-panorama-a14d226e7331640659a4a82541f0f855-kmpo561tifnz-800x400.jpg 800w, https:\/\/www.ecomaximportmedical.com\/wp-content\/uploads\/2024\/12\/health-products-certified-by-health-canada-for-improtation-panorama-a14d226e7331640659a4a82541f0f855-kmpo561tifnz.jpg 1500w\" sizes=\"(max-width: 1024px) 100vw, 1024px\" \/>\t\t\t\t\t\t\t\t\t\t\t\t\t\t\t<\/div>\n\t\t\t\t<\/div>\n\t\t\t\t\t<\/div>\n\t\t<\/div>\n\t\t\t\t<div class=\"elementor-column elementor-col-50 elementor-inner-column elementor-element elementor-element-2a13c95\" data-id=\"2a13c95\" data-element_type=\"column\" data-e-type=\"column\" data-settings=\"{&quot;background_background&quot;:&quot;classic&quot;}\">\n\t\t\t<div class=\"elementor-widget-wrap elementor-element-populated\">\n\t\t\t\t\t\t<div class=\"elementor-element elementor-element-c120b8f elementor-widget elementor-widget-wpforms\" data-id=\"c120b8f\" data-element_type=\"widget\" data-e-type=\"widget\" data-widget_type=\"wpforms.default\">\n\t\t\t\t<div class=\"elementor-widget-container\">\n\t\t\t\t\t<div class=\"wpforms-container wpforms-container-full\" id=\"wpforms-464\"><form id=\"wpforms-form-464\" class=\"wpforms-validate wpforms-form wpforms-ajax-form\" data-formid=\"464\" method=\"post\" enctype=\"multipart\/form-data\" action=\"\/fr\/wp-json\/wp\/v2\/pages\/110\" data-token=\"873105b71ae32f58825e54759eeee3ee\" data-trp-original-action=\"\/fr\/wp-json\/wp\/v2\/pages\/110\"><noscript class=\"wpforms-error-noscript\">Veuillez activer JavaScript dans votre navigateur pour remplir ce formulaire.<\/noscript><div class=\"wpforms-field-container\"><div id=\"wpforms-464-field_1-container\" class=\"wpforms-field wpforms-field-text\" data-field-id=\"1\"><label class=\"wpforms-field-label\" for=\"wpforms-464-field_1\">Votre pr\u00e9nom et nom de famille <span class=\"wpforms-required-label\">*<\/span><\/label><input type=\"text\" id=\"wpforms-464-field_1\" class=\"wpforms-field-large wpforms-field-required\" name=\"wpforms[fields][1]\" required><\/div><div id=\"wpforms-464-field_2-container\" class=\"wpforms-field wpforms-field-email\" data-field-id=\"2\"><label class=\"wpforms-field-label\" for=\"wpforms-464-field_2\">Email <span class=\"wpforms-required-label\">*<\/span><\/label><input type=\"email\" id=\"wpforms-464-field_2\" class=\"wpforms-field-large wpforms-field-required\" name=\"wpforms[fields][2]\" required><\/div><div id=\"wpforms-464-field_3-container\" class=\"wpforms-field wpforms-field-phone\" data-field-id=\"3\"><label class=\"wpforms-field-label\" for=\"wpforms-464-field_3\">T\u00e9l\u00e9phone <span class=\"wpforms-required-label\">*<\/span><\/label><input type=\"tel\" id=\"wpforms-464-field_3\" class=\"wpforms-field-large wpforms-field-required\" data-rule-int-phone-field=\"true\" name=\"wpforms[fields][3]\" required><\/div><div id=\"wpforms-464-field_4-container\" class=\"wpforms-field wpforms-field-text\" data-field-id=\"4\"><label class=\"wpforms-field-label\" for=\"wpforms-464-field_4\">Sujet de votre message<\/label><input type=\"text\" id=\"wpforms-464-field_4\" class=\"wpforms-field-large\" name=\"wpforms[fields][4]\" ><\/div><div id=\"wpforms-464-field_5-container\" class=\"wpforms-field wpforms-field-textarea\" data-field-id=\"5\"><label class=\"wpforms-field-label\" for=\"wpforms-464-field_5\">Votre message<\/label><textarea id=\"wpforms-464-field_5\" class=\"wpforms-field-large\" name=\"wpforms[fields][5]\" ><\/textarea><\/div><\/div><div class=\"wpforms-submit-container\"><input type=\"hidden\" name=\"wpforms[id]\" value=\"464\"><input type=\"hidden\" name=\"wpforms[author]\" value=\"1\"><button type=\"submit\" name=\"wpforms[submit]\" id=\"wpforms-submit-464\" class=\"wpforms-submit\" data-alt-text=\"En cours d&#039;envoi...\" data-submit-text=\"Envoyer\" aria-live=\"assertive\" value=\"wpforms-submit\">Envoyer<\/button><img decoding=\"async\" src=\"https:\/\/www.ecomaximportmedical.com\/wp-content\/plugins\/wpforms\/assets\/images\/submit-spin.svg\" class=\"wpforms-submit-spinner\" style=\"display: none;\" width=\"26\" height=\"26\" alt=\"\"><\/div><input type=\"hidden\" name=\"trp-form-language\" value=\"fr\"\/><\/form><\/div>  <!-- .wpforms-container -->\t\t\t\t<\/div>\n\t\t\t\t<\/div>\n\t\t\t\t\t<\/div>\n\t\t<\/div>\n\t\t\t\t\t<\/div>\n\t\t<\/section>\n\t\t\t\t\t<\/div>\n\t\t<\/div>\n\t\t\t\t\t<\/div>\n\t\t<\/section>\n\t\t<div class=\"elementor-element elementor-element-96c6944 e-flex e-con-boxed e-con e-parent\" data-id=\"96c6944\" data-element_type=\"container\" data-e-type=\"container\">\n\t\t\t\t\t<div class=\"e-con-inner\">\n\t\t\t\t\t<\/div>\n\t\t\t\t<\/div>\n\t\t<div class=\"elementor-element elementor-element-5df4a19 e-con-full e-flex e-con e-parent\" data-id=\"5df4a19\" data-element_type=\"container\" data-e-type=\"container\">\n\t\t\t\t<div class=\"elementor-element elementor-element-6d0ef73 elementor-widget elementor-widget-text-editor\" data-id=\"6d0ef73\" data-element_type=\"widget\" data-e-type=\"widget\" data-widget_type=\"text-editor.default\">\n\t\t\t\t<div class=\"elementor-widget-container\">\n\t\t\t\t\t\t\t\t\t<iframe src=\"https:\/\/www.google.com\/maps\/embed?pb=!1m18!1m12!1m3!1d6397.0870233607075!2d3.212256293385349!3d36.70950594480085!2m3!1f0!2f0!3f0!3m2!1i1024!2i768!4f13.1!3m3!1m2!1s0x128e504c4e9685cb%3A0xc65a94ab38ad0805!2sCit%C3%A9%20Krim%20Belkacem%2C%20Dar%20El%20Be%C3%AFda%2C%20Algeria!5e0!3m2!1sen!2sca!4v1735421616763!5m2!1sen!2sca\" width=\"2500\" height=\"600\" style=\"border:0;\" allowfullscreen=\"\" loading=\"lazy\" referrerpolicy=\"no-referrer-when-downgrade\"><\/iframe>\t\t\t\t\t\t\t\t<\/div>\n\t\t\t\t<\/div>\n\t\t\t\t<\/div>\n\t\t\t\t<\/div>","protected":false},"excerpt":{"rendered":"<p>\u2014 CONTACT Nous \u00e9crire ECOMAX IMPORT M\u00c9DICAL Cit\u00e9 Krim Belkacem Lot N&rsquo;02 Grp 06 &#8211; Rez-de-chauss\u00e9e &#8211; commune de Dar El Be\u00efda &#8211; wilaya d&rsquo;Alger.wner Whatssap<span class=\"excerpt-hellip\"> [\u2026]<\/span><\/p>","protected":false},"author":1,"featured_media":0,"parent":0,"menu_order":0,"comment_status":"closed","ping_status":"closed","template":"","meta":{"footnotes":""},"class_list":["post-110","page","type-page","status-publish","hentry"],"_links":{"self":[{"href":"https:\/\/www.ecomaximportmedical.com\/fr\/wp-json\/wp\/v2\/pages\/110","targetHints":{"allow":["GET"]}}],"collection":[{"href":"https:\/\/www.ecomaximportmedical.com\/fr\/wp-json\/wp\/v2\/pages"}],"about":[{"href":"https:\/\/www.ecomaximportmedical.com\/fr\/wp-json\/wp\/v2\/types\/page"}],"author":[{"embeddable":true,"href":"https:\/\/www.ecomaximportmedical.com\/fr\/wp-json\/wp\/v2\/users\/1"}],"replies":[{"embeddable":true,"href":"https:\/\/www.ecomaximportmedical.com\/fr\/wp-json\/wp\/v2\/comments?post=110"}],"version-history":[{"count":13,"href":"https:\/\/www.ecomaximportmedical.com\/fr\/wp-json\/wp\/v2\/pages\/110\/revisions"}],"predecessor-version":[{"id":507,"href":"https:\/\/www.ecomaximportmedical.com\/fr\/wp-json\/wp\/v2\/pages\/110\/revisions\/507"}],"wp:attachment":[{"href":"https:\/\/www.ecomaximportmedical.com\/fr\/wp-json\/wp\/v2\/media?parent=110"}],"curies":[{"name":"wp","href":"https:\/\/api.w.org\/{rel}","templated":true}]}}