{"id":569,"date":"2024-12-29T16:11:45","date_gmt":"2024-12-29T21:11:45","guid":{"rendered":"https:\/\/www.ecomaximportmedical.com\/?post_type=product&#038;p=569"},"modified":"2024-12-29T17:57:37","modified_gmt":"2024-12-29T22:57:37","slug":"gueridon-deux-etages-avec-tiroir","status":"publish","type":"product","link":"https:\/\/www.ecomaximportmedical.com\/en\/product\/gueridon-deux-etages-avec-tiroir\/","title":{"rendered":"Gu\u00e9ridon Deux \u00e9tages avec Tiroir"},"content":{"rendered":"<div class=\"minimog-tabs__content\">\n<div id=\"tab-content-description\" class=\"tab-content tab-content-description active\" tabindex=\"0\" role=\"tabpanel\" data-tab=\"1\" aria-labelledby=\"tab-title-description\" aria-expanded=\"true\">\n<div class=\"tab-content-wrapper\">\n<h2>Caract\u00e9ristiques techniques :<\/h2>\n<ul>\n<li>Gu\u00e9ridon 100% ABS \u00e0 deux \u00e9tages avec barri\u00e8re.<br \/>\nAvec bassine<\/li>\n<li>Etage sup\u00e9rieur avec poign\u00e9e de pouss\u00e9e et deux tiroirs.<\/li>\n<li>04 Roues robuste de luxe, 02 avec freins.<\/li>\n<li>Dimensions : 64.4 x 44.5x 90 cm.<\/li>\n<\/ul>\n<\/div>\n<\/div>\n<\/div>","protected":false},"excerpt":{"rendered":"<p>Caract\u00e9ristiques techniques : Gu\u00e9ridon 100% ABS \u00e0 deux \u00e9tages avec barri\u00e8re. Avec bassine Etage sup\u00e9rieur avec poign\u00e9e de pouss\u00e9e et deux tiroirs. 04 Roues robuste de<span class=\"excerpt-hellip\"> [\u2026]<\/span><\/p>","protected":false},"featured_media":570,"comment_status":"open","ping_status":"closed","template":"","meta":[],"product_brand":[],"product_cat":[31,24],"product_tag":[],"class_list":{"0":"post-569","1":"product","2":"type-product","3":"status-publish","4":"has-post-thumbnail","6":"product_cat-gueridons","7":"product_cat-mobiliers-medical","9":"first","10":"instock","11":"shipping-taxable","12":"product-type-simple"},"_links":{"self":[{"href":"https:\/\/www.ecomaximportmedical.com\/en\/wp-json\/wp\/v2\/product\/569","targetHints":{"allow":["GET"]}}],"collection":[{"href":"https:\/\/www.ecomaximportmedical.com\/en\/wp-json\/wp\/v2\/product"}],"about":[{"href":"https:\/\/www.ecomaximportmedical.com\/en\/wp-json\/wp\/v2\/types\/product"}],"replies":[{"embeddable":true,"href":"https:\/\/www.ecomaximportmedical.com\/en\/wp-json\/wp\/v2\/comments?post=569"}],"version-history":[{"count":1,"href":"https:\/\/www.ecomaximportmedical.com\/en\/wp-json\/wp\/v2\/product\/569\/revisions"}],"predecessor-version":[{"id":571,"href":"https:\/\/www.ecomaximportmedical.com\/en\/wp-json\/wp\/v2\/product\/569\/revisions\/571"}],"wp:featuredmedia":[{"embeddable":true,"href":"https:\/\/www.ecomaximportmedical.com\/en\/wp-json\/wp\/v2\/media\/570"}],"wp:attachment":[{"href":"https:\/\/www.ecomaximportmedical.com\/en\/wp-json\/wp\/v2\/media?parent=569"}],"wp:term":[{"taxonomy":"product_brand","embeddable":true,"href":"https:\/\/www.ecomaximportmedical.com\/en\/wp-json\/wp\/v2\/product_brand?post=569"},{"taxonomy":"product_cat","embeddable":true,"href":"https:\/\/www.ecomaximportmedical.com\/en\/wp-json\/wp\/v2\/product_cat?post=569"},{"taxonomy":"product_tag","embeddable":true,"href":"https:\/\/www.ecomaximportmedical.com\/en\/wp-json\/wp\/v2\/product_tag?post=569"}],"curies":[{"name":"wp","href":"https:\/\/api.w.org\/{rel}","templated":true}]}}