{"id":563,"date":"2024-12-29T16:02:03","date_gmt":"2024-12-29T21:02:03","guid":{"rendered":"https:\/\/www.ecomaximportmedical.com\/?post_type=product&#038;p=563"},"modified":"2024-12-29T17:59:12","modified_gmt":"2024-12-29T22:59:12","slug":"chariot-danesthesie","status":"publish","type":"product","link":"https:\/\/www.ecomaximportmedical.com\/en\/product\/chariot-danesthesie\/","title":{"rendered":"Chariot d\u2019anesth\u00e9sie"},"content":{"rendered":"<div class=\"minimog-tabs__content\">\n<div id=\"tab-content-description\" class=\"tab-content tab-content-description active\" tabindex=\"0\" role=\"tabpanel\" data-tab=\"1\" aria-labelledby=\"tab-title-description\" aria-expanded=\"true\">\n<div class=\"tab-content-wrapper\">\n<h3><strong>Chariot d\u2019anesth\u00e9sie<\/strong><\/h3>\n<p>Mod\u00e8le : PSD-AT750-D4<br \/>\nMarque : PSD<br \/>\nOrigine : CHINE<br \/>\nCaract\u00e9ristiques techniques :<br \/>\n\u2013 L\u2019\u00e9tage sup\u00e9rieur \u00e0 des bords hauts avec une nappe transparente pour prot\u00e9ger la table et facilite le nettoyage.<br \/>\n\u2013 Tablette lat\u00e9ral coulissante.<br \/>\n\u2013 05 tiroirs avec des s\u00e9parateurs \u00e0 l\u2019int\u00e9rieur, serrure centralis\u00e9e et cartes d\u2019\u00e9tiquettes.<br \/>\n\u2013 Dimensions: 750 x 475 x 930mm<br \/>\n\u2013 Colonnes en plastique-acier.<br \/>\n\u2013 Face arri\u00e8re : conteneur multi-bacs<br \/>\n\u2013 Support de contenant d\u2019\u00e9limination des aiguilles.<br \/>\n\u2013 Panier de rangement.<br \/>\n\u2013 02 poubelles lat\u00e9rales.<br \/>\n\u2013 Roues en ABS luxueuses et silencieuses (deux avec freins) antistatiques, anti-enchev\u00eatrement de cheveux, mouvement l\u00e9ger et flexible.<\/p>\n<\/div>\n<\/div>\n<\/div>","protected":false},"excerpt":{"rendered":"<p>Chariot d\u2019anesth\u00e9sie Mod\u00e8le : PSD-AT750-D4 Marque : PSD Origine : CHINE Caract\u00e9ristiques techniques : \u2013 L\u2019\u00e9tage sup\u00e9rieur \u00e0 des bords hauts avec une nappe transparente pour<span class=\"excerpt-hellip\"> [\u2026]<\/span><\/p>","protected":false},"featured_media":564,"comment_status":"open","ping_status":"closed","template":"","meta":[],"product_brand":[],"product_cat":[30,24],"product_tag":[],"class_list":{"0":"post-563","1":"product","2":"type-product","3":"status-publish","4":"has-post-thumbnail","6":"product_cat-chariots-medicaux","7":"product_cat-mobiliers-medical","9":"first","10":"instock","11":"shipping-taxable","12":"product-type-simple"},"_links":{"self":[{"href":"https:\/\/www.ecomaximportmedical.com\/en\/wp-json\/wp\/v2\/product\/563","targetHints":{"allow":["GET"]}}],"collection":[{"href":"https:\/\/www.ecomaximportmedical.com\/en\/wp-json\/wp\/v2\/product"}],"about":[{"href":"https:\/\/www.ecomaximportmedical.com\/en\/wp-json\/wp\/v2\/types\/product"}],"replies":[{"embeddable":true,"href":"https:\/\/www.ecomaximportmedical.com\/en\/wp-json\/wp\/v2\/comments?post=563"}],"version-history":[{"count":1,"href":"https:\/\/www.ecomaximportmedical.com\/en\/wp-json\/wp\/v2\/product\/563\/revisions"}],"predecessor-version":[{"id":565,"href":"https:\/\/www.ecomaximportmedical.com\/en\/wp-json\/wp\/v2\/product\/563\/revisions\/565"}],"wp:featuredmedia":[{"embeddable":true,"href":"https:\/\/www.ecomaximportmedical.com\/en\/wp-json\/wp\/v2\/media\/564"}],"wp:attachment":[{"href":"https:\/\/www.ecomaximportmedical.com\/en\/wp-json\/wp\/v2\/media?parent=563"}],"wp:term":[{"taxonomy":"product_brand","embeddable":true,"href":"https:\/\/www.ecomaximportmedical.com\/en\/wp-json\/wp\/v2\/product_brand?post=563"},{"taxonomy":"product_cat","embeddable":true,"href":"https:\/\/www.ecomaximportmedical.com\/en\/wp-json\/wp\/v2\/product_cat?post=563"},{"taxonomy":"product_tag","embeddable":true,"href":"https:\/\/www.ecomaximportmedical.com\/en\/wp-json\/wp\/v2\/product_tag?post=563"}],"curies":[{"name":"wp","href":"https:\/\/api.w.org\/{rel}","templated":true}]}}