{"id":553,"date":"2024-12-29T15:52:32","date_gmt":"2024-12-29T20:52:32","guid":{"rendered":"https:\/\/www.ecomaximportmedical.com\/?post_type=product&#038;p=553"},"modified":"2024-12-29T17:58:49","modified_gmt":"2024-12-29T22:58:49","slug":"ecg-6-a-12-pistes-tactile","status":"publish","type":"product","link":"https:\/\/www.ecomaximportmedical.com\/en\/product\/ecg-6-a-12-pistes-tactile\/","title":{"rendered":"ECG 6 \u00c0 12 Pistes Tactile"},"content":{"rendered":"<div class=\"product-title-wrap\">\n<h3 class=\"product_title entry-title\">ECG 6 \u00c0 12 Pistes Tactile<\/h3>\n<div class=\"woocommerce-product-details__short-description\">\n<p>Le 1106L est un ECG de 6 \u00e0 12 pistes est l\u2019un des meilleur de sa cat\u00e9gorie. Assurant un diagnostic fiable et une interpr\u00e9tation tr\u00e8s \u00e9volu\u00e9e.<\/p>\n<\/div>\n<\/div>\n<ul class=\"product_list_l global_list\">\n<li>\u00c9cran tactile LCD couleur de 5,6 pouces<\/li>\n<li>Acquisition simultan\u00e9e de 12 d\u00e9rivations<\/li>\n<li>Les fichiers ECG peuvent \u00eatre enregistr\u00e9s sur une carte SD<\/li>\n<li>D\u00e9tection de stimulateur cardiaque<\/li>\n<li>Prend en charge le lecteur de carte magn\u00e9tique, le lecteur de code \u00e0 barres, rend la saisie d\u2019informations plus pratique<\/li>\n<li>Prise en charge d\u2019une imprimante laser externe pour obtenir une sortie de rapport au format A4<\/li>\n<li>Logiciel de gestion des donn\u00e9es sur PC (Optionnel)<\/li>\n<li>Mesure et interpr\u00e9tation automatiques fiables test\u00e9es avec la base de donn\u00e9es CSE et AHA<\/li>\n<\/ul>\n<p><strong>\u00a0<\/strong><\/p>","protected":false},"excerpt":{"rendered":"<p>ECG 6 \u00c0 12 Pistes Tactile Le 1106L est un ECG de 6 \u00e0 12 pistes est l\u2019un des meilleur de sa cat\u00e9gorie. Assurant un diagnostic<span class=\"excerpt-hellip\"> [\u2026]<\/span><\/p>","protected":false},"featured_media":555,"comment_status":"open","ping_status":"closed","template":"","meta":[],"product_brand":[],"product_cat":[20,27],"product_tag":[],"class_list":{"0":"post-553","1":"product","2":"type-product","3":"status-publish","4":"has-post-thumbnail","6":"product_cat-diagnostique","7":"product_cat-ecg","9":"first","10":"instock","11":"shipping-taxable","12":"product-type-simple"},"_links":{"self":[{"href":"https:\/\/www.ecomaximportmedical.com\/en\/wp-json\/wp\/v2\/product\/553","targetHints":{"allow":["GET"]}}],"collection":[{"href":"https:\/\/www.ecomaximportmedical.com\/en\/wp-json\/wp\/v2\/product"}],"about":[{"href":"https:\/\/www.ecomaximportmedical.com\/en\/wp-json\/wp\/v2\/types\/product"}],"replies":[{"embeddable":true,"href":"https:\/\/www.ecomaximportmedical.com\/en\/wp-json\/wp\/v2\/comments?post=553"}],"version-history":[{"count":1,"href":"https:\/\/www.ecomaximportmedical.com\/en\/wp-json\/wp\/v2\/product\/553\/revisions"}],"predecessor-version":[{"id":556,"href":"https:\/\/www.ecomaximportmedical.com\/en\/wp-json\/wp\/v2\/product\/553\/revisions\/556"}],"wp:featuredmedia":[{"embeddable":true,"href":"https:\/\/www.ecomaximportmedical.com\/en\/wp-json\/wp\/v2\/media\/555"}],"wp:attachment":[{"href":"https:\/\/www.ecomaximportmedical.com\/en\/wp-json\/wp\/v2\/media?parent=553"}],"wp:term":[{"taxonomy":"product_brand","embeddable":true,"href":"https:\/\/www.ecomaximportmedical.com\/en\/wp-json\/wp\/v2\/product_brand?post=553"},{"taxonomy":"product_cat","embeddable":true,"href":"https:\/\/www.ecomaximportmedical.com\/en\/wp-json\/wp\/v2\/product_cat?post=553"},{"taxonomy":"product_tag","embeddable":true,"href":"https:\/\/www.ecomaximportmedical.com\/en\/wp-json\/wp\/v2\/product_tag?post=553"}],"curies":[{"name":"wp","href":"https:\/\/api.w.org\/{rel}","templated":true}]}}