{"id":550,"date":"2024-12-29T15:50:15","date_gmt":"2024-12-29T20:50:15","guid":{"rendered":"https:\/\/www.ecomaximportmedical.com\/?post_type=product&#038;p=550"},"modified":"2024-12-29T17:57:53","modified_gmt":"2024-12-29T22:57:53","slug":"ecg-3-a-12-pistes","status":"publish","type":"product","link":"https:\/\/www.ecomaximportmedical.com\/en\/product\/ecg-3-a-12-pistes\/","title":{"rendered":"ECG 3 \u00e0 12 Pistes"},"content":{"rendered":"<p><strong>ECG 3 \u00e0 12 Pistes Le iMac 300 est une perle de technologie, ECG haut de gamme, design, fiabilit\u00e9 et simplicit\u00e9 d\u2019utilisation sont ses points forts<\/strong><\/p>","protected":false},"excerpt":{"rendered":"<p>ECG 3 \u00e0 12 Pistes Le iMac 300 est une perle de technologie, ECG haut de gamme, design, fiabilit\u00e9 et simplicit\u00e9 d\u2019utilisation sont ses points forts<\/p>","protected":false},"featured_media":551,"comment_status":"open","ping_status":"closed","template":"","meta":[],"product_brand":[],"product_cat":[20,27],"product_tag":[],"class_list":{"0":"post-550","1":"product","2":"type-product","3":"status-publish","4":"has-post-thumbnail","6":"product_cat-diagnostique","7":"product_cat-ecg","9":"first","10":"instock","11":"shipping-taxable","12":"product-type-simple"},"_links":{"self":[{"href":"https:\/\/www.ecomaximportmedical.com\/en\/wp-json\/wp\/v2\/product\/550","targetHints":{"allow":["GET"]}}],"collection":[{"href":"https:\/\/www.ecomaximportmedical.com\/en\/wp-json\/wp\/v2\/product"}],"about":[{"href":"https:\/\/www.ecomaximportmedical.com\/en\/wp-json\/wp\/v2\/types\/product"}],"replies":[{"embeddable":true,"href":"https:\/\/www.ecomaximportmedical.com\/en\/wp-json\/wp\/v2\/comments?post=550"}],"version-history":[{"count":1,"href":"https:\/\/www.ecomaximportmedical.com\/en\/wp-json\/wp\/v2\/product\/550\/revisions"}],"predecessor-version":[{"id":552,"href":"https:\/\/www.ecomaximportmedical.com\/en\/wp-json\/wp\/v2\/product\/550\/revisions\/552"}],"wp:featuredmedia":[{"embeddable":true,"href":"https:\/\/www.ecomaximportmedical.com\/en\/wp-json\/wp\/v2\/media\/551"}],"wp:attachment":[{"href":"https:\/\/www.ecomaximportmedical.com\/en\/wp-json\/wp\/v2\/media?parent=550"}],"wp:term":[{"taxonomy":"product_brand","embeddable":true,"href":"https:\/\/www.ecomaximportmedical.com\/en\/wp-json\/wp\/v2\/product_brand?post=550"},{"taxonomy":"product_cat","embeddable":true,"href":"https:\/\/www.ecomaximportmedical.com\/en\/wp-json\/wp\/v2\/product_cat?post=550"},{"taxonomy":"product_tag","embeddable":true,"href":"https:\/\/www.ecomaximportmedical.com\/en\/wp-json\/wp\/v2\/product_tag?post=550"}],"curies":[{"name":"wp","href":"https:\/\/api.w.org\/{rel}","templated":true}]}}