{"id":547,"date":"2024-12-29T15:48:02","date_gmt":"2024-12-29T20:48:02","guid":{"rendered":"https:\/\/www.ecomaximportmedical.com\/?post_type=product&#038;p=547"},"modified":"2024-12-29T17:58:41","modified_gmt":"2024-12-29T22:58:41","slug":"ecg-12-pistes-tactile","status":"publish","type":"product","link":"https:\/\/www.ecomaximportmedical.com\/en\/product\/ecg-12-pistes-tactile\/","title":{"rendered":"ECG 12 Pistes Tactile"},"content":{"rendered":"<div class=\"product-title-wrap\">\n<h3 class=\"product_title entry-title\">ECG 12 Pistes Tactile<\/h3>\n<div class=\"woocommerce-product-details__short-description\">\n<p>Le 1106L est un ecg \u00a0de 6 \u00e0 12 pistes est l\u2019un des meilleur de sa categorie. assurant un diagnostic fiable et une interpr\u00e9tation tr\u00e9s evolu\u00e9e.<\/p>\n<\/div>\n<\/div>\n<ul class=\"product_list_l global_list\">\n<li>\u00c9cran LCD 6 pouces, acquisition simultan\u00e9e de 12 d\u00e9rivations<\/li>\n<li>Mesure et interpr\u00e9tation automatiques fiables test\u00e9es avec la base de donn\u00e9es CSE et AHA<\/li>\n<li>D\u00e9tection et alarme sur d\u00e9connexion et batterie faible<\/li>\n<li>Ajustement automatique de la ligne de base pour une impression optimale<\/li>\n<\/ul>","protected":false},"excerpt":{"rendered":"<p>ECG 12 Pistes Tactile Le 1106L est un ecg \u00a0de 6 \u00e0 12 pistes est l\u2019un des meilleur de sa categorie. assurant un diagnostic fiable et<span class=\"excerpt-hellip\"> [\u2026]<\/span><\/p>","protected":false},"featured_media":548,"comment_status":"open","ping_status":"closed","template":"","meta":[],"product_brand":[],"product_cat":[20,27],"product_tag":[],"class_list":{"0":"post-547","1":"product","2":"type-product","3":"status-publish","4":"has-post-thumbnail","6":"product_cat-diagnostique","7":"product_cat-ecg","9":"first","10":"instock","11":"shipping-taxable","12":"product-type-simple"},"_links":{"self":[{"href":"https:\/\/www.ecomaximportmedical.com\/en\/wp-json\/wp\/v2\/product\/547","targetHints":{"allow":["GET"]}}],"collection":[{"href":"https:\/\/www.ecomaximportmedical.com\/en\/wp-json\/wp\/v2\/product"}],"about":[{"href":"https:\/\/www.ecomaximportmedical.com\/en\/wp-json\/wp\/v2\/types\/product"}],"replies":[{"embeddable":true,"href":"https:\/\/www.ecomaximportmedical.com\/en\/wp-json\/wp\/v2\/comments?post=547"}],"version-history":[{"count":1,"href":"https:\/\/www.ecomaximportmedical.com\/en\/wp-json\/wp\/v2\/product\/547\/revisions"}],"predecessor-version":[{"id":549,"href":"https:\/\/www.ecomaximportmedical.com\/en\/wp-json\/wp\/v2\/product\/547\/revisions\/549"}],"wp:featuredmedia":[{"embeddable":true,"href":"https:\/\/www.ecomaximportmedical.com\/en\/wp-json\/wp\/v2\/media\/548"}],"wp:attachment":[{"href":"https:\/\/www.ecomaximportmedical.com\/en\/wp-json\/wp\/v2\/media?parent=547"}],"wp:term":[{"taxonomy":"product_brand","embeddable":true,"href":"https:\/\/www.ecomaximportmedical.com\/en\/wp-json\/wp\/v2\/product_brand?post=547"},{"taxonomy":"product_cat","embeddable":true,"href":"https:\/\/www.ecomaximportmedical.com\/en\/wp-json\/wp\/v2\/product_cat?post=547"},{"taxonomy":"product_tag","embeddable":true,"href":"https:\/\/www.ecomaximportmedical.com\/en\/wp-json\/wp\/v2\/product_tag?post=547"}],"curies":[{"name":"wp","href":"https:\/\/api.w.org\/{rel}","templated":true}]}}