{"id":535,"date":"2024-12-29T15:33:27","date_gmt":"2024-12-29T20:33:27","guid":{"rendered":"https:\/\/www.ecomaximportmedical.com\/?post_type=product&#038;p=535"},"modified":"2024-12-29T17:58:20","modified_gmt":"2024-12-29T22:58:20","slug":"moniteur-de-surveillance-a-7-parametres","status":"publish","type":"product","link":"https:\/\/www.ecomaximportmedical.com\/en\/product\/moniteur-de-surveillance-a-7-parametres\/","title":{"rendered":"Moniteur De Surveillance \u00c0 7 Param\u00e8tres"},"content":{"rendered":"<div class=\"product-title-wrap\">\n<h3 class=\"product_title entry-title\">Moniteur De Surveillance \u00c0 7 Param\u00e8tres<\/h3>\n<\/div>\n<p><strong>Portatif avec design ergonomique :<\/strong><\/p>\n<ul>\n<li>\u00a0\u00e9cran LED 12.1\u2033avec une luminosit\u00e9 \u00e9lev\u00e9e, faible consommation d\u2019\u00e9nergie et longue dur\u00e9e de vie.<\/li>\n<li>7 param\u00e8tres configurations: ECG, RESP,HR, NIBP, SPO2, PR, TEMP.IBP,ETCO2<\/li>\n<li>Ecran\u00a0 fonction de verrouillage.<\/li>\n<li>Trois niveaux sonores pour le son la lumi\u00e8re et l\u2019alarme.<\/li>\n<li>fonction de r\u00e9glage de veille pour \u00e9conomiser l\u2019\u00e9nergie de mani\u00e8re efficace et de prot\u00e9ger la vie priv\u00e9e des patients.<\/li>\n<\/ul>\n<p><strong>Six types d\u2019affichage de l\u2019interface\u00a0:<\/strong><\/p>\n<ul>\n<li>Interface standard.<\/li>\n<li>interface d\u2019affichage de toutes les pistes.<\/li>\n<li>interface de coexistence de tendance.<\/li>\n<li>grande interface de la police.<\/li>\n<li>interface \u00e0 intervalle de temps.<\/li>\n<li>l\u2019utilisateur peut combiner quatre ensembles de param\u00e8tres \u00e9ventuellement selon l\u2019exigence de l\u2019utilisation clinique.<\/li>\n<\/ul>\n<p><strong>Grande capacit\u00e9 de stockage:<\/strong><\/p>\n<ul>\n<li>1000 heures de stockage de donn\u00e9es,<\/li>\n<li>40 heures de stockage sous formes d\u2019onde et de lecture.<\/li>\n<li>2000 r\u00e9sultats de NIBP.<\/li>\n<li>200 ensembles d\u2019alarme des \u00e9v\u00e9nements de stockage et de lecture.<\/li>\n<li>8 minutes respiratoires carte d\u2019oxyg\u00e9nation.<\/li>\n<\/ul>\n<p><strong><u>Configuration:<\/u><\/strong><strong><u>\u00a0<\/u><\/strong><\/p>\n<ol>\n<li><strong>ECG<\/strong>: 5 d\u00e9rivations<\/li>\n<li><strong>RESP\u00a0:<\/strong>\u00a0respiration<\/li>\n<li><strong>HR:<\/strong>frequence cardiaque<\/li>\n<li><strong>NIBP\u00a0:<\/strong>\u00a0pression Non invasive<\/li>\n<li><strong>SPO2\u00a0:\u00a0<\/strong>Saturation d\u2019oxyg\u00e8ne<\/li>\n<li><strong>PR:<\/strong>frequence du pouls<\/li>\n<li><strong>T\u00a0:<\/strong>Temp\u00e9rature<\/li>\n<li><strong>IBP: <\/strong>pression invasive<\/li>\n<li><strong>CO2:<\/strong> CAPNO<\/li>\n<\/ol>","protected":false},"excerpt":{"rendered":"<p>Moniteur De Surveillance \u00c0 7 Param\u00e8tres Portatif avec design ergonomique : \u00a0\u00e9cran LED 12.1\u2033avec une luminosit\u00e9 \u00e9lev\u00e9e, faible consommation d\u2019\u00e9nergie et longue dur\u00e9e de vie. 7<span class=\"excerpt-hellip\"> [\u2026]<\/span><\/p>","protected":false},"featured_media":536,"comment_status":"open","ping_status":"closed","template":"","meta":[],"product_brand":[],"product_cat":[20,26],"product_tag":[],"class_list":{"0":"post-535","1":"product","2":"type-product","3":"status-publish","4":"has-post-thumbnail","6":"product_cat-diagnostique","7":"product_cat-moniteurs","9":"first","10":"instock","11":"shipping-taxable","12":"product-type-simple"},"_links":{"self":[{"href":"https:\/\/www.ecomaximportmedical.com\/en\/wp-json\/wp\/v2\/product\/535","targetHints":{"allow":["GET"]}}],"collection":[{"href":"https:\/\/www.ecomaximportmedical.com\/en\/wp-json\/wp\/v2\/product"}],"about":[{"href":"https:\/\/www.ecomaximportmedical.com\/en\/wp-json\/wp\/v2\/types\/product"}],"replies":[{"embeddable":true,"href":"https:\/\/www.ecomaximportmedical.com\/en\/wp-json\/wp\/v2\/comments?post=535"}],"version-history":[{"count":1,"href":"https:\/\/www.ecomaximportmedical.com\/en\/wp-json\/wp\/v2\/product\/535\/revisions"}],"predecessor-version":[{"id":537,"href":"https:\/\/www.ecomaximportmedical.com\/en\/wp-json\/wp\/v2\/product\/535\/revisions\/537"}],"wp:featuredmedia":[{"embeddable":true,"href":"https:\/\/www.ecomaximportmedical.com\/en\/wp-json\/wp\/v2\/media\/536"}],"wp:attachment":[{"href":"https:\/\/www.ecomaximportmedical.com\/en\/wp-json\/wp\/v2\/media?parent=535"}],"wp:term":[{"taxonomy":"product_brand","embeddable":true,"href":"https:\/\/www.ecomaximportmedical.com\/en\/wp-json\/wp\/v2\/product_brand?post=535"},{"taxonomy":"product_cat","embeddable":true,"href":"https:\/\/www.ecomaximportmedical.com\/en\/wp-json\/wp\/v2\/product_cat?post=535"},{"taxonomy":"product_tag","embeddable":true,"href":"https:\/\/www.ecomaximportmedical.com\/en\/wp-json\/wp\/v2\/product_tag?post=535"}],"curies":[{"name":"wp","href":"https:\/\/api.w.org\/{rel}","templated":true}]}}