{"id":520,"date":"2024-12-29T15:30:37","date_gmt":"2024-12-29T20:30:37","guid":{"rendered":"https:\/\/www.ecomaximportmedical.com\/?post_type=product&#038;p=520"},"modified":"2024-12-29T17:58:10","modified_gmt":"2024-12-29T22:58:10","slug":"moniteur-de-surveillance-a-5-parametres-tactile","status":"publish","type":"product","link":"https:\/\/www.ecomaximportmedical.com\/en\/product\/moniteur-de-surveillance-a-5-parametres-tactile\/","title":{"rendered":"Moniteur de surveillance \u00e0 5 param\u00e8tres Tactile"},"content":{"rendered":"<p><strong>Moniteur de surveillance \u00e0 5 param\u00e8tres Tactile<\/strong><\/p>\n<p>LE UP-7000 est un moniteur Tactile multi-param\u00e9trique con\u00e7ue pour facilit\u00e9 les proc\u00e9dures d\u2019utilisation. dot\u00e9 d\u2019un \u00e9cran tactile 12.1\u2033<br \/>\n-configurations \u00e0 5 param\u00e8tres soit : ECG, RESP, NIBP, SPO2, PR, TEMP 2<\/p>\n<p><strong><u>Configuration:<\/u><\/strong><strong><u>\u00a0<\/u><\/strong><\/p>\n<ol>\n<li><strong>ECG<\/strong>: 5 d\u00e9rivations<\/li>\n<li><strong>RESP\u00a0:<\/strong>\u00a0respiration<\/li>\n<li><strong>NIBP\u00a0:<\/strong>\u00a0pression Non invasive<\/li>\n<li><strong>SPO2\u00a0:\u00a0<\/strong>Saturation d\u2019oxyg\u00e8ne <strong>PR:<\/strong>frequence du pouls<\/li>\n<li><strong>T\u00a0:<\/strong>Temp\u00e9rature<\/li>\n<\/ol>","protected":false},"excerpt":{"rendered":"<p>Moniteur de surveillance \u00e0 5 param\u00e8tres Tactile LE UP-7000 est un moniteur Tactile multi-param\u00e9trique con\u00e7ue pour facilit\u00e9 les proc\u00e9dures d\u2019utilisation. dot\u00e9 d\u2019un \u00e9cran tactile 12.1\u2033 -configurations<span class=\"excerpt-hellip\"> [\u2026]<\/span><\/p>","protected":false},"featured_media":521,"comment_status":"open","ping_status":"closed","template":"","meta":[],"product_brand":[],"product_cat":[20,26],"product_tag":[],"class_list":{"0":"post-520","1":"product","2":"type-product","3":"status-publish","4":"has-post-thumbnail","6":"product_cat-diagnostique","7":"product_cat-moniteurs","9":"first","10":"instock","11":"shipping-taxable","12":"product-type-simple"},"_links":{"self":[{"href":"https:\/\/www.ecomaximportmedical.com\/en\/wp-json\/wp\/v2\/product\/520","targetHints":{"allow":["GET"]}}],"collection":[{"href":"https:\/\/www.ecomaximportmedical.com\/en\/wp-json\/wp\/v2\/product"}],"about":[{"href":"https:\/\/www.ecomaximportmedical.com\/en\/wp-json\/wp\/v2\/types\/product"}],"replies":[{"embeddable":true,"href":"https:\/\/www.ecomaximportmedical.com\/en\/wp-json\/wp\/v2\/comments?post=520"}],"version-history":[{"count":1,"href":"https:\/\/www.ecomaximportmedical.com\/en\/wp-json\/wp\/v2\/product\/520\/revisions"}],"predecessor-version":[{"id":522,"href":"https:\/\/www.ecomaximportmedical.com\/en\/wp-json\/wp\/v2\/product\/520\/revisions\/522"}],"wp:featuredmedia":[{"embeddable":true,"href":"https:\/\/www.ecomaximportmedical.com\/en\/wp-json\/wp\/v2\/media\/521"}],"wp:attachment":[{"href":"https:\/\/www.ecomaximportmedical.com\/en\/wp-json\/wp\/v2\/media?parent=520"}],"wp:term":[{"taxonomy":"product_brand","embeddable":true,"href":"https:\/\/www.ecomaximportmedical.com\/en\/wp-json\/wp\/v2\/product_brand?post=520"},{"taxonomy":"product_cat","embeddable":true,"href":"https:\/\/www.ecomaximportmedical.com\/en\/wp-json\/wp\/v2\/product_cat?post=520"},{"taxonomy":"product_tag","embeddable":true,"href":"https:\/\/www.ecomaximportmedical.com\/en\/wp-json\/wp\/v2\/product_tag?post=520"}],"curies":[{"name":"wp","href":"https:\/\/api.w.org\/{rel}","templated":true}]}}